{"id":7183,"date":"2025-12-28T11:30:47","date_gmt":"2025-12-28T10:30:47","guid":{"rendered":"https:\/\/boutique.lapresse.tn\/?post_type=product&#038;p=7183"},"modified":"2026-03-05T21:54:17","modified_gmt":"2026-03-05T20:54:17","slug":"magazine-du-28-decembre-2025","status":"publish","type":"product","link":"https:\/\/boutique.lapresse.tn\/index.php\/produit\/magazine-du-28-decembre-2025\/","title":{"rendered":"Magazine du 28 D\u00e9cembre 2025"},"content":{"rendered":"","protected":false},"excerpt":{"rendered":"<p><!-- M\u00e9tadonn\u00e9es --><\/p>\n<div>\n<p><strong>\ud83d\udcc5 Dimanche 28 d\u00e9cembre 2025<\/strong><\/p>\n<\/div>\n<p><!-- Titre principal --><\/p>\n<h6>Au sommaire de cette \u00e9dition :<\/h6>\n<p><!-- Liste des articles --><\/p>\n<div>\n<p><!-- Article 1 --><\/p>\n<div>\n<p><strong> \ud83d\udd2e Horoscope de l&rsquo;ann\u00e9e 2026<\/strong><\/p>\n<p>D\u00e9couvrez ce que vous r\u00e9servent les astres pour la nouvelle ann\u00e9e.<\/p>\n<\/div>\n<p><!-- Article 2 --><\/p>\n<div>\n<p><strong> \ud83c\udfac Mohamed Ali Nahdi<\/strong><\/p>\n<p><em>\u00ab Round 13 \u00bb \u2013 le film de la maturit\u00e9<\/em><\/p>\n<div>\n<p><strong> \ud83d\udce5 Gratuit | \u00c9dition du dimanche<\/strong> \u2013 Un magazine offert \u00e0 tous nos lecteurs.<\/p>\n<\/div>\n<\/div>\n<\/div>\n","protected":false},"featured_media":7225,"template":"","meta":[],"product_brand":[],"product_cat":[133,15],"product_tag":[],"class_list":{"0":"post-7183","1":"product","2":"type-product","3":"status-publish","4":"has-post-thumbnail","6":"product_cat-la-presse","7":"product_cat-magazine","9":"first","10":"instock","11":"downloadable","12":"virtual","13":"taxable","14":"purchasable","15":"product-type-simple"},"yoast_head":"<!-- This site is optimized with the Yoast SEO plugin v27.4 - https:\/\/yoast.com\/product\/yoast-seo-wordpress\/ -->\n<title>Magazine du 28 D\u00e9cembre 2025 - Boutique La Presse de Tunisie<\/title>\n<meta name=\"robots\" content=\"index, follow, max-snippet:-1, max-image-preview:large, max-video-preview:-1\" \/>\n<link rel=\"canonical\" href=\"https:\/\/boutique.lapresse.tn\/index.php\/produit\/magazine-du-28-decembre-2025\/\" \/>\n<meta property=\"og:locale\" content=\"fr_FR\" \/>\n<meta property=\"og:type\" content=\"article\" \/>\n<meta property=\"og:title\" content=\"Magazine du 28 D\u00e9cembre 2025 - Boutique La Presse de Tunisie\" \/>\n<meta property=\"og:description\" content=\"\ud83d\udcc5 Dimanche 28 d\u00e9cembre 2025    Au sommaire de cette \u00e9dition :        \ud83d\udd2e Horoscope de l&#039;ann\u00e9e 2026  D\u00e9couvrez ce que vous r\u00e9servent les astres pour la nouvelle ann\u00e9e.       \ud83c\udfac Mohamed Ali Nahdi  \u00ab Round 13 \u00bb \u2013 le film de la maturit\u00e9    \ud83d\udce5 Gratuit | \u00c9dition du dimanche \u2013 Un magazine offert \u00e0 tous nos lecteurs.\" \/>\n<meta property=\"og:url\" content=\"https:\/\/boutique.lapresse.tn\/index.php\/produit\/magazine-du-28-decembre-2025\/\" \/>\n<meta property=\"og:site_name\" content=\"Boutique La Presse de Tunisie\" \/>\n<meta property=\"article:modified_time\" content=\"2026-03-05T20:54:17+00:00\" \/>\n<meta property=\"og:image\" content=\"https:\/\/boutique.lapresse.tn\/wp-content\/uploads\/2026\/02\/WhatsApp-Image-2026-03-05-at-12.45.22-7.jpeg\" \/>\n\t<meta property=\"og:image:width\" content=\"900\" \/>\n\t<meta property=\"og:image:height\" content=\"900\" \/>\n\t<meta property=\"og:image:type\" content=\"image\/jpeg\" \/>\n<meta name=\"twitter:card\" content=\"summary_large_image\" \/>\n<meta name=\"twitter:label1\" content=\"Dur\u00e9e de lecture estim\u00e9e\" \/>\n\t<meta name=\"twitter:data1\" content=\"1 minute\" \/>\n<script type=\"application\/ld+json\" class=\"yoast-schema-graph\">{\"@context\":\"https:\\\/\\\/schema.org\",\"@graph\":[{\"@type\":\"WebPage\",\"@id\":\"https:\\\/\\\/boutique.lapresse.tn\\\/index.php\\\/produit\\\/magazine-du-28-decembre-2025\\\/\",\"url\":\"https:\\\/\\\/boutique.lapresse.tn\\\/index.php\\\/produit\\\/magazine-du-28-decembre-2025\\\/\",\"name\":\"Magazine du 28 D\u00e9cembre 2025 - Boutique La Presse de Tunisie\",\"isPartOf\":{\"@id\":\"https:\\\/\\\/boutique.lapresse.tn\\\/#website\"},\"primaryImageOfPage\":{\"@id\":\"https:\\\/\\\/boutique.lapresse.tn\\\/index.php\\\/produit\\\/magazine-du-28-decembre-2025\\\/#primaryimage\"},\"image\":{\"@id\":\"https:\\\/\\\/boutique.lapresse.tn\\\/index.php\\\/produit\\\/magazine-du-28-decembre-2025\\\/#primaryimage\"},\"thumbnailUrl\":\"https:\\\/\\\/i0.wp.com\\\/boutique.lapresse.tn\\\/wp-content\\\/uploads\\\/2026\\\/02\\\/WhatsApp-Image-2026-03-05-at-12.45.22-7.jpeg?fit=900%2C900&ssl=1\",\"datePublished\":\"2025-12-28T10:30:47+00:00\",\"dateModified\":\"2026-03-05T20:54:17+00:00\",\"breadcrumb\":{\"@id\":\"https:\\\/\\\/boutique.lapresse.tn\\\/index.php\\\/produit\\\/magazine-du-28-decembre-2025\\\/#breadcrumb\"},\"inLanguage\":\"fr-FR\",\"potentialAction\":[{\"@type\":\"ReadAction\",\"target\":[\"https:\\\/\\\/boutique.lapresse.tn\\\/index.php\\\/produit\\\/magazine-du-28-decembre-2025\\\/\"]}]},{\"@type\":\"ImageObject\",\"inLanguage\":\"fr-FR\",\"@id\":\"https:\\\/\\\/boutique.lapresse.tn\\\/index.php\\\/produit\\\/magazine-du-28-decembre-2025\\\/#primaryimage\",\"url\":\"https:\\\/\\\/i0.wp.com\\\/boutique.lapresse.tn\\\/wp-content\\\/uploads\\\/2026\\\/02\\\/WhatsApp-Image-2026-03-05-at-12.45.22-7.jpeg?fit=900%2C900&ssl=1\",\"contentUrl\":\"https:\\\/\\\/i0.wp.com\\\/boutique.lapresse.tn\\\/wp-content\\\/uploads\\\/2026\\\/02\\\/WhatsApp-Image-2026-03-05-at-12.45.22-7.jpeg?fit=900%2C900&ssl=1\",\"width\":900,\"height\":900},{\"@type\":\"BreadcrumbList\",\"@id\":\"https:\\\/\\\/boutique.lapresse.tn\\\/index.php\\\/produit\\\/magazine-du-28-decembre-2025\\\/#breadcrumb\",\"itemListElement\":[{\"@type\":\"ListItem\",\"position\":1,\"name\":\"Accueil\",\"item\":\"https:\\\/\\\/boutique.lapresse.tn\\\/\"},{\"@type\":\"ListItem\",\"position\":2,\"name\":\"Boutique\",\"item\":\"https:\\\/\\\/boutique.lapresse.tn\\\/index.php\\\/boutique\\\/\"},{\"@type\":\"ListItem\",\"position\":3,\"name\":\"Magazine du 28 D\u00e9cembre 2025\"}]},{\"@type\":\"WebSite\",\"@id\":\"https:\\\/\\\/boutique.lapresse.tn\\\/#website\",\"url\":\"https:\\\/\\\/boutique.lapresse.tn\\\/\",\"name\":\"Boutique La Presse de Tunisie\",\"description\":\"\",\"publisher\":{\"@id\":\"https:\\\/\\\/boutique.lapresse.tn\\\/#organization\"},\"potentialAction\":[{\"@type\":\"SearchAction\",\"target\":{\"@type\":\"EntryPoint\",\"urlTemplate\":\"https:\\\/\\\/boutique.lapresse.tn\\\/?s={search_term_string}\"},\"query-input\":{\"@type\":\"PropertyValueSpecification\",\"valueRequired\":true,\"valueName\":\"search_term_string\"}}],\"inLanguage\":\"fr-FR\"},{\"@type\":\"Organization\",\"@id\":\"https:\\\/\\\/boutique.lapresse.tn\\\/#organization\",\"name\":\"Boutique La Presse de Tunisie\",\"url\":\"https:\\\/\\\/boutique.lapresse.tn\\\/\",\"logo\":{\"@type\":\"ImageObject\",\"inLanguage\":\"fr-FR\",\"@id\":\"https:\\\/\\\/boutique.lapresse.tn\\\/#\\\/schema\\\/logo\\\/image\\\/\",\"url\":\"https:\\\/\\\/i0.wp.com\\\/boutique.lapresse.tn\\\/wp-content\\\/uploads\\\/2026\\\/02\\\/cropped-cropped-lapresse7.jpg?fit=1381%2C249&ssl=1\",\"contentUrl\":\"https:\\\/\\\/i0.wp.com\\\/boutique.lapresse.tn\\\/wp-content\\\/uploads\\\/2026\\\/02\\\/cropped-cropped-lapresse7.jpg?fit=1381%2C249&ssl=1\",\"width\":1381,\"height\":249,\"caption\":\" Boutique La Presse de Tunisie\"},\"image\":{\"@id\":\"https:\\\/\\\/boutique.lapresse.tn\\\/#\\\/schema\\\/logo\\\/image\\\/\"}}]}<\/script>\n<!-- \/ Yoast SEO plugin. -->","yoast_head_json":{"title":"Magazine du 28 D\u00e9cembre 2025 - Boutique La Presse de Tunisie","robots":{"index":"index","follow":"follow","max-snippet":"max-snippet:-1","max-image-preview":"max-image-preview:large","max-video-preview":"max-video-preview:-1"},"canonical":"https:\/\/boutique.lapresse.tn\/index.php\/produit\/magazine-du-28-decembre-2025\/","og_locale":"fr_FR","og_type":"article","og_title":"Magazine du 28 D\u00e9cembre 2025 - Boutique La Presse de Tunisie","og_description":"\ud83d\udcc5 Dimanche 28 d\u00e9cembre 2025    Au sommaire de cette \u00e9dition :        \ud83d\udd2e Horoscope de l'ann\u00e9e 2026  D\u00e9couvrez ce que vous r\u00e9servent les astres pour la nouvelle ann\u00e9e.       \ud83c\udfac Mohamed Ali Nahdi  \u00ab Round 13 \u00bb \u2013 le film de la maturit\u00e9    \ud83d\udce5 Gratuit | \u00c9dition du dimanche \u2013 Un magazine offert \u00e0 tous nos lecteurs.","og_url":"https:\/\/boutique.lapresse.tn\/index.php\/produit\/magazine-du-28-decembre-2025\/","og_site_name":"Boutique La Presse de Tunisie","article_modified_time":"2026-03-05T20:54:17+00:00","og_image":[{"width":900,"height":900,"url":"https:\/\/boutique.lapresse.tn\/wp-content\/uploads\/2026\/02\/WhatsApp-Image-2026-03-05-at-12.45.22-7.jpeg","type":"image\/jpeg"}],"twitter_card":"summary_large_image","twitter_misc":{"Dur\u00e9e de lecture estim\u00e9e":"1 minute"},"schema":{"@context":"https:\/\/schema.org","@graph":[{"@type":"WebPage","@id":"https:\/\/boutique.lapresse.tn\/index.php\/produit\/magazine-du-28-decembre-2025\/","url":"https:\/\/boutique.lapresse.tn\/index.php\/produit\/magazine-du-28-decembre-2025\/","name":"Magazine du 28 D\u00e9cembre 2025 - Boutique La Presse de Tunisie","isPartOf":{"@id":"https:\/\/boutique.lapresse.tn\/#website"},"primaryImageOfPage":{"@id":"https:\/\/boutique.lapresse.tn\/index.php\/produit\/magazine-du-28-decembre-2025\/#primaryimage"},"image":{"@id":"https:\/\/boutique.lapresse.tn\/index.php\/produit\/magazine-du-28-decembre-2025\/#primaryimage"},"thumbnailUrl":"https:\/\/i0.wp.com\/boutique.lapresse.tn\/wp-content\/uploads\/2026\/02\/WhatsApp-Image-2026-03-05-at-12.45.22-7.jpeg?fit=900%2C900&ssl=1","datePublished":"2025-12-28T10:30:47+00:00","dateModified":"2026-03-05T20:54:17+00:00","breadcrumb":{"@id":"https:\/\/boutique.lapresse.tn\/index.php\/produit\/magazine-du-28-decembre-2025\/#breadcrumb"},"inLanguage":"fr-FR","potentialAction":[{"@type":"ReadAction","target":["https:\/\/boutique.lapresse.tn\/index.php\/produit\/magazine-du-28-decembre-2025\/"]}]},{"@type":"ImageObject","inLanguage":"fr-FR","@id":"https:\/\/boutique.lapresse.tn\/index.php\/produit\/magazine-du-28-decembre-2025\/#primaryimage","url":"https:\/\/i0.wp.com\/boutique.lapresse.tn\/wp-content\/uploads\/2026\/02\/WhatsApp-Image-2026-03-05-at-12.45.22-7.jpeg?fit=900%2C900&ssl=1","contentUrl":"https:\/\/i0.wp.com\/boutique.lapresse.tn\/wp-content\/uploads\/2026\/02\/WhatsApp-Image-2026-03-05-at-12.45.22-7.jpeg?fit=900%2C900&ssl=1","width":900,"height":900},{"@type":"BreadcrumbList","@id":"https:\/\/boutique.lapresse.tn\/index.php\/produit\/magazine-du-28-decembre-2025\/#breadcrumb","itemListElement":[{"@type":"ListItem","position":1,"name":"Accueil","item":"https:\/\/boutique.lapresse.tn\/"},{"@type":"ListItem","position":2,"name":"Boutique","item":"https:\/\/boutique.lapresse.tn\/index.php\/boutique\/"},{"@type":"ListItem","position":3,"name":"Magazine du 28 D\u00e9cembre 2025"}]},{"@type":"WebSite","@id":"https:\/\/boutique.lapresse.tn\/#website","url":"https:\/\/boutique.lapresse.tn\/","name":"Boutique La Presse de Tunisie","description":"","publisher":{"@id":"https:\/\/boutique.lapresse.tn\/#organization"},"potentialAction":[{"@type":"SearchAction","target":{"@type":"EntryPoint","urlTemplate":"https:\/\/boutique.lapresse.tn\/?s={search_term_string}"},"query-input":{"@type":"PropertyValueSpecification","valueRequired":true,"valueName":"search_term_string"}}],"inLanguage":"fr-FR"},{"@type":"Organization","@id":"https:\/\/boutique.lapresse.tn\/#organization","name":"Boutique La Presse de Tunisie","url":"https:\/\/boutique.lapresse.tn\/","logo":{"@type":"ImageObject","inLanguage":"fr-FR","@id":"https:\/\/boutique.lapresse.tn\/#\/schema\/logo\/image\/","url":"https:\/\/i0.wp.com\/boutique.lapresse.tn\/wp-content\/uploads\/2026\/02\/cropped-cropped-lapresse7.jpg?fit=1381%2C249&ssl=1","contentUrl":"https:\/\/i0.wp.com\/boutique.lapresse.tn\/wp-content\/uploads\/2026\/02\/cropped-cropped-lapresse7.jpg?fit=1381%2C249&ssl=1","width":1381,"height":249,"caption":" Boutique La Presse de Tunisie"},"image":{"@id":"https:\/\/boutique.lapresse.tn\/#\/schema\/logo\/image\/"}}]}},"jetpack_sharing_enabled":true,"_links":{"self":[{"href":"https:\/\/boutique.lapresse.tn\/index.php\/wp-json\/wp\/v2\/product\/7183","targetHints":{"allow":["GET"]}}],"collection":[{"href":"https:\/\/boutique.lapresse.tn\/index.php\/wp-json\/wp\/v2\/product"}],"about":[{"href":"https:\/\/boutique.lapresse.tn\/index.php\/wp-json\/wp\/v2\/types\/product"}],"version-history":[{"count":2,"href":"https:\/\/boutique.lapresse.tn\/index.php\/wp-json\/wp\/v2\/product\/7183\/revisions"}],"predecessor-version":[{"id":7184,"href":"https:\/\/boutique.lapresse.tn\/index.php\/wp-json\/wp\/v2\/product\/7183\/revisions\/7184"}],"wp:featuredmedia":[{"embeddable":true,"href":"https:\/\/boutique.lapresse.tn\/index.php\/wp-json\/wp\/v2\/media\/7225"}],"wp:attachment":[{"href":"https:\/\/boutique.lapresse.tn\/index.php\/wp-json\/wp\/v2\/media?parent=7183"}],"wp:term":[{"taxonomy":"product_brand","embeddable":true,"href":"https:\/\/boutique.lapresse.tn\/index.php\/wp-json\/wp\/v2\/product_brand?post=7183"},{"taxonomy":"product_cat","embeddable":true,"href":"https:\/\/boutique.lapresse.tn\/index.php\/wp-json\/wp\/v2\/product_cat?post=7183"},{"taxonomy":"product_tag","embeddable":true,"href":"https:\/\/boutique.lapresse.tn\/index.php\/wp-json\/wp\/v2\/product_tag?post=7183"}],"curies":[{"name":"wp","href":"https:\/\/api.w.org\/{rel}","templated":true}]}}