{"id":7171,"date":"2025-08-24T11:23:24","date_gmt":"2025-08-24T10:23:24","guid":{"rendered":"https:\/\/boutique.lapresse.tn\/?post_type=product&#038;p=7171"},"modified":"2026-03-05T23:18:46","modified_gmt":"2026-03-05T22:18:46","slug":"magazine-du-24-aout-2025","status":"publish","type":"product","link":"https:\/\/boutique.lapresse.tn\/index.php\/produit\/magazine-du-24-aout-2025\/","title":{"rendered":"Magazine du 24 Aout 2025"},"content":{"rendered":"","protected":false},"excerpt":{"rendered":"<p><!-- La Presse Magazine - \u00c9dition du dimanche --><\/p>\n<div>\n<p><!-- M\u00e9tadonn\u00e9es --><\/p>\n<div>\n<p><strong>\ud83d\udcc5 Dimanche 1\u1d49\u02b3 mars 2026<\/strong><\/p>\n<\/div>\n<p><!-- Titre principal --><\/p>\n<h6>Au sommaire de ce num\u00e9ro :<\/h6>\n<p><!-- Liste des articles --><\/p>\n<div>\n<p><!-- Article 1 --><\/p>\n<div>\n<p><strong> \ud83c\udf3f Sant\u00e9 &amp; Beaut\u00e9<\/strong><\/p>\n<p>Le je\u00fbne de Ramadan : quand la spiritualit\u00e9 rencontre la silhouette. Un dossier complet sur les bienfaits du je\u00fbne pour le corps et l&rsquo;esprit.<\/p>\n<\/div>\n<p><!-- Article 2 --><\/p>\n<div>\n<p><strong> \u2708\ufe0f \u00c9chapp\u00e9es Belles<\/strong><\/p>\n<p>Nabeul \u2014 Voyage sensoriel au pays des senteurs et des douceurs. Partez \u00e0 la d\u00e9couverte d&rsquo;une ville aux mille parfums.<\/p>\n<\/div>\n<p><!-- Article 3 --><\/p>\n<div>\n<p><strong> \ud83c\udfa8 Portrait | Younes Ferhi<\/strong><\/p>\n<p><em>\u00ab Dans El Matbaa, rien n&rsquo;est d\u00e9coratif, tout est essentiel \u00bb<\/em><\/p>\n<p>Rencontre exclusive avec l&rsquo;artiste et cr\u00e9ateur tunisien Younes Ferhi, figure incontournable de la sc\u00e8ne artistique locale.<\/p>\n<\/div>\n<\/div>\n<p><!-- Pied de page \/ Informations compl\u00e9mentaires --><\/p>\n<div>\n<p><strong> \ud83d\udce5 Acc\u00e8s gratuit<\/strong> \u2014 Ce magazine est offert \u00e0 tous nos lecteurs.<br \/>\n\ud83d\uddd3\ufe0f Parution: dimanche 1\u1d49\u02b3 mars 2026<\/p>\n<\/div>\n<\/div>\n","protected":false},"featured_media":6912,"template":"","meta":[],"product_brand":[],"product_cat":[133,15],"product_tag":[],"class_list":{"0":"post-7171","1":"product","2":"type-product","3":"status-publish","4":"has-post-thumbnail","6":"product_cat-la-presse","7":"product_cat-magazine","9":"first","10":"instock","11":"downloadable","12":"virtual","13":"taxable","14":"purchasable","15":"product-type-simple"},"yoast_head":"<!-- This site is optimized with the Yoast SEO plugin v27.4 - https:\/\/yoast.com\/product\/yoast-seo-wordpress\/ -->\n<title>Magazine du 24 Aout 2025 - Boutique La Presse de Tunisie<\/title>\n<meta name=\"robots\" content=\"index, follow, max-snippet:-1, max-image-preview:large, max-video-preview:-1\" \/>\n<link rel=\"canonical\" href=\"https:\/\/boutique.lapresse.tn\/index.php\/produit\/magazine-du-24-aout-2025\/\" \/>\n<meta property=\"og:locale\" content=\"fr_FR\" \/>\n<meta property=\"og:type\" content=\"article\" \/>\n<meta property=\"og:title\" content=\"Magazine du 24 Aout 2025 - Boutique La Presse de Tunisie\" \/>\n<meta property=\"og:description\" content=\"\ud83d\udcc5 Dimanche 1\u1d49\u02b3 mars 2026    Au sommaire de ce num\u00e9ro :        \ud83c\udf3f Sant\u00e9 &amp; Beaut\u00e9  Le je\u00fbne de Ramadan : quand la spiritualit\u00e9 rencontre la silhouette. Un dossier complet sur les bienfaits du je\u00fbne pour le corps et l&#039;esprit.       \u2708\ufe0f \u00c9chapp\u00e9es Belles  Nabeul \u2014 Voyage sensoriel au pays des senteurs et des douceurs. Partez \u00e0 la d\u00e9couverte d&#039;une ville aux mille parfums.       \ud83c\udfa8 Portrait | Younes Ferhi  \u00ab Dans El Matbaa, rien n&#039;est d\u00e9coratif, tout est essentiel \u00bb  Rencontre exclusive avec l&#039;artiste et cr\u00e9ateur tunisien Younes Ferhi, figure incontournable de la sc\u00e8ne artistique locale.        \ud83d\udce5 Acc\u00e8s gratuit \u2014 Ce magazine est offert \u00e0 tous nos lecteurs. \ud83d\uddd3\ufe0f Parution: dimanche 1\u1d49\u02b3 mars 2026\" \/>\n<meta property=\"og:url\" content=\"https:\/\/boutique.lapresse.tn\/index.php\/produit\/magazine-du-24-aout-2025\/\" \/>\n<meta property=\"og:site_name\" content=\"Boutique La Presse de Tunisie\" \/>\n<meta property=\"article:modified_time\" content=\"2026-03-05T22:18:46+00:00\" \/>\n<meta property=\"og:image\" content=\"https:\/\/boutique.lapresse.tn\/wp-content\/uploads\/2026\/03\/younesfarhi.jpg\" \/>\n\t<meta property=\"og:image:width\" content=\"1080\" \/>\n\t<meta property=\"og:image:height\" content=\"1080\" \/>\n\t<meta property=\"og:image:type\" content=\"image\/jpeg\" \/>\n<meta name=\"twitter:card\" content=\"summary_large_image\" \/>\n<meta name=\"twitter:label1\" content=\"Dur\u00e9e de lecture estim\u00e9e\" \/>\n\t<meta name=\"twitter:data1\" content=\"1 minute\" \/>\n<script type=\"application\/ld+json\" class=\"yoast-schema-graph\">{\"@context\":\"https:\\\/\\\/schema.org\",\"@graph\":[{\"@type\":\"WebPage\",\"@id\":\"https:\\\/\\\/boutique.lapresse.tn\\\/index.php\\\/produit\\\/magazine-du-24-aout-2025\\\/\",\"url\":\"https:\\\/\\\/boutique.lapresse.tn\\\/index.php\\\/produit\\\/magazine-du-24-aout-2025\\\/\",\"name\":\"Magazine du 24 Aout 2025 - Boutique La Presse de Tunisie\",\"isPartOf\":{\"@id\":\"https:\\\/\\\/boutique.lapresse.tn\\\/#website\"},\"primaryImageOfPage\":{\"@id\":\"https:\\\/\\\/boutique.lapresse.tn\\\/index.php\\\/produit\\\/magazine-du-24-aout-2025\\\/#primaryimage\"},\"image\":{\"@id\":\"https:\\\/\\\/boutique.lapresse.tn\\\/index.php\\\/produit\\\/magazine-du-24-aout-2025\\\/#primaryimage\"},\"thumbnailUrl\":\"https:\\\/\\\/i0.wp.com\\\/boutique.lapresse.tn\\\/wp-content\\\/uploads\\\/2026\\\/03\\\/younesfarhi.jpg?fit=1080%2C1080&ssl=1\",\"datePublished\":\"2025-08-24T10:23:24+00:00\",\"dateModified\":\"2026-03-05T22:18:46+00:00\",\"breadcrumb\":{\"@id\":\"https:\\\/\\\/boutique.lapresse.tn\\\/index.php\\\/produit\\\/magazine-du-24-aout-2025\\\/#breadcrumb\"},\"inLanguage\":\"fr-FR\",\"potentialAction\":[{\"@type\":\"ReadAction\",\"target\":[\"https:\\\/\\\/boutique.lapresse.tn\\\/index.php\\\/produit\\\/magazine-du-24-aout-2025\\\/\"]}]},{\"@type\":\"ImageObject\",\"inLanguage\":\"fr-FR\",\"@id\":\"https:\\\/\\\/boutique.lapresse.tn\\\/index.php\\\/produit\\\/magazine-du-24-aout-2025\\\/#primaryimage\",\"url\":\"https:\\\/\\\/i0.wp.com\\\/boutique.lapresse.tn\\\/wp-content\\\/uploads\\\/2026\\\/03\\\/younesfarhi.jpg?fit=1080%2C1080&ssl=1\",\"contentUrl\":\"https:\\\/\\\/i0.wp.com\\\/boutique.lapresse.tn\\\/wp-content\\\/uploads\\\/2026\\\/03\\\/younesfarhi.jpg?fit=1080%2C1080&ssl=1\",\"width\":1080,\"height\":1080},{\"@type\":\"BreadcrumbList\",\"@id\":\"https:\\\/\\\/boutique.lapresse.tn\\\/index.php\\\/produit\\\/magazine-du-24-aout-2025\\\/#breadcrumb\",\"itemListElement\":[{\"@type\":\"ListItem\",\"position\":1,\"name\":\"Accueil\",\"item\":\"https:\\\/\\\/boutique.lapresse.tn\\\/\"},{\"@type\":\"ListItem\",\"position\":2,\"name\":\"Boutique\",\"item\":\"https:\\\/\\\/boutique.lapresse.tn\\\/index.php\\\/boutique\\\/\"},{\"@type\":\"ListItem\",\"position\":3,\"name\":\"Magazine du 24 Aout 2025\"}]},{\"@type\":\"WebSite\",\"@id\":\"https:\\\/\\\/boutique.lapresse.tn\\\/#website\",\"url\":\"https:\\\/\\\/boutique.lapresse.tn\\\/\",\"name\":\"Boutique La Presse de Tunisie\",\"description\":\"\",\"publisher\":{\"@id\":\"https:\\\/\\\/boutique.lapresse.tn\\\/#organization\"},\"potentialAction\":[{\"@type\":\"SearchAction\",\"target\":{\"@type\":\"EntryPoint\",\"urlTemplate\":\"https:\\\/\\\/boutique.lapresse.tn\\\/?s={search_term_string}\"},\"query-input\":{\"@type\":\"PropertyValueSpecification\",\"valueRequired\":true,\"valueName\":\"search_term_string\"}}],\"inLanguage\":\"fr-FR\"},{\"@type\":\"Organization\",\"@id\":\"https:\\\/\\\/boutique.lapresse.tn\\\/#organization\",\"name\":\"Boutique La Presse de Tunisie\",\"url\":\"https:\\\/\\\/boutique.lapresse.tn\\\/\",\"logo\":{\"@type\":\"ImageObject\",\"inLanguage\":\"fr-FR\",\"@id\":\"https:\\\/\\\/boutique.lapresse.tn\\\/#\\\/schema\\\/logo\\\/image\\\/\",\"url\":\"https:\\\/\\\/i0.wp.com\\\/boutique.lapresse.tn\\\/wp-content\\\/uploads\\\/2026\\\/02\\\/cropped-cropped-lapresse7.jpg?fit=1381%2C249&ssl=1\",\"contentUrl\":\"https:\\\/\\\/i0.wp.com\\\/boutique.lapresse.tn\\\/wp-content\\\/uploads\\\/2026\\\/02\\\/cropped-cropped-lapresse7.jpg?fit=1381%2C249&ssl=1\",\"width\":1381,\"height\":249,\"caption\":\" Boutique La Presse de Tunisie\"},\"image\":{\"@id\":\"https:\\\/\\\/boutique.lapresse.tn\\\/#\\\/schema\\\/logo\\\/image\\\/\"}}]}<\/script>\n<!-- \/ Yoast SEO plugin. -->","yoast_head_json":{"title":"Magazine du 24 Aout 2025 - Boutique La Presse de Tunisie","robots":{"index":"index","follow":"follow","max-snippet":"max-snippet:-1","max-image-preview":"max-image-preview:large","max-video-preview":"max-video-preview:-1"},"canonical":"https:\/\/boutique.lapresse.tn\/index.php\/produit\/magazine-du-24-aout-2025\/","og_locale":"fr_FR","og_type":"article","og_title":"Magazine du 24 Aout 2025 - Boutique La Presse de Tunisie","og_description":"\ud83d\udcc5 Dimanche 1\u1d49\u02b3 mars 2026    Au sommaire de ce num\u00e9ro :        \ud83c\udf3f Sant\u00e9 &amp; Beaut\u00e9  Le je\u00fbne de Ramadan : quand la spiritualit\u00e9 rencontre la silhouette. Un dossier complet sur les bienfaits du je\u00fbne pour le corps et l'esprit.       \u2708\ufe0f \u00c9chapp\u00e9es Belles  Nabeul \u2014 Voyage sensoriel au pays des senteurs et des douceurs. Partez \u00e0 la d\u00e9couverte d'une ville aux mille parfums.       \ud83c\udfa8 Portrait | Younes Ferhi  \u00ab Dans El Matbaa, rien n'est d\u00e9coratif, tout est essentiel \u00bb  Rencontre exclusive avec l'artiste et cr\u00e9ateur tunisien Younes Ferhi, figure incontournable de la sc\u00e8ne artistique locale.        \ud83d\udce5 Acc\u00e8s gratuit \u2014 Ce magazine est offert \u00e0 tous nos lecteurs. \ud83d\uddd3\ufe0f Parution: dimanche 1\u1d49\u02b3 mars 2026","og_url":"https:\/\/boutique.lapresse.tn\/index.php\/produit\/magazine-du-24-aout-2025\/","og_site_name":"Boutique La Presse de Tunisie","article_modified_time":"2026-03-05T22:18:46+00:00","og_image":[{"width":1080,"height":1080,"url":"https:\/\/boutique.lapresse.tn\/wp-content\/uploads\/2026\/03\/younesfarhi.jpg","type":"image\/jpeg"}],"twitter_card":"summary_large_image","twitter_misc":{"Dur\u00e9e de lecture estim\u00e9e":"1 minute"},"schema":{"@context":"https:\/\/schema.org","@graph":[{"@type":"WebPage","@id":"https:\/\/boutique.lapresse.tn\/index.php\/produit\/magazine-du-24-aout-2025\/","url":"https:\/\/boutique.lapresse.tn\/index.php\/produit\/magazine-du-24-aout-2025\/","name":"Magazine du 24 Aout 2025 - Boutique La Presse de Tunisie","isPartOf":{"@id":"https:\/\/boutique.lapresse.tn\/#website"},"primaryImageOfPage":{"@id":"https:\/\/boutique.lapresse.tn\/index.php\/produit\/magazine-du-24-aout-2025\/#primaryimage"},"image":{"@id":"https:\/\/boutique.lapresse.tn\/index.php\/produit\/magazine-du-24-aout-2025\/#primaryimage"},"thumbnailUrl":"https:\/\/i0.wp.com\/boutique.lapresse.tn\/wp-content\/uploads\/2026\/03\/younesfarhi.jpg?fit=1080%2C1080&ssl=1","datePublished":"2025-08-24T10:23:24+00:00","dateModified":"2026-03-05T22:18:46+00:00","breadcrumb":{"@id":"https:\/\/boutique.lapresse.tn\/index.php\/produit\/magazine-du-24-aout-2025\/#breadcrumb"},"inLanguage":"fr-FR","potentialAction":[{"@type":"ReadAction","target":["https:\/\/boutique.lapresse.tn\/index.php\/produit\/magazine-du-24-aout-2025\/"]}]},{"@type":"ImageObject","inLanguage":"fr-FR","@id":"https:\/\/boutique.lapresse.tn\/index.php\/produit\/magazine-du-24-aout-2025\/#primaryimage","url":"https:\/\/i0.wp.com\/boutique.lapresse.tn\/wp-content\/uploads\/2026\/03\/younesfarhi.jpg?fit=1080%2C1080&ssl=1","contentUrl":"https:\/\/i0.wp.com\/boutique.lapresse.tn\/wp-content\/uploads\/2026\/03\/younesfarhi.jpg?fit=1080%2C1080&ssl=1","width":1080,"height":1080},{"@type":"BreadcrumbList","@id":"https:\/\/boutique.lapresse.tn\/index.php\/produit\/magazine-du-24-aout-2025\/#breadcrumb","itemListElement":[{"@type":"ListItem","position":1,"name":"Accueil","item":"https:\/\/boutique.lapresse.tn\/"},{"@type":"ListItem","position":2,"name":"Boutique","item":"https:\/\/boutique.lapresse.tn\/index.php\/boutique\/"},{"@type":"ListItem","position":3,"name":"Magazine du 24 Aout 2025"}]},{"@type":"WebSite","@id":"https:\/\/boutique.lapresse.tn\/#website","url":"https:\/\/boutique.lapresse.tn\/","name":"Boutique La Presse de Tunisie","description":"","publisher":{"@id":"https:\/\/boutique.lapresse.tn\/#organization"},"potentialAction":[{"@type":"SearchAction","target":{"@type":"EntryPoint","urlTemplate":"https:\/\/boutique.lapresse.tn\/?s={search_term_string}"},"query-input":{"@type":"PropertyValueSpecification","valueRequired":true,"valueName":"search_term_string"}}],"inLanguage":"fr-FR"},{"@type":"Organization","@id":"https:\/\/boutique.lapresse.tn\/#organization","name":"Boutique La Presse de Tunisie","url":"https:\/\/boutique.lapresse.tn\/","logo":{"@type":"ImageObject","inLanguage":"fr-FR","@id":"https:\/\/boutique.lapresse.tn\/#\/schema\/logo\/image\/","url":"https:\/\/i0.wp.com\/boutique.lapresse.tn\/wp-content\/uploads\/2026\/02\/cropped-cropped-lapresse7.jpg?fit=1381%2C249&ssl=1","contentUrl":"https:\/\/i0.wp.com\/boutique.lapresse.tn\/wp-content\/uploads\/2026\/02\/cropped-cropped-lapresse7.jpg?fit=1381%2C249&ssl=1","width":1381,"height":249,"caption":" Boutique La Presse de Tunisie"},"image":{"@id":"https:\/\/boutique.lapresse.tn\/#\/schema\/logo\/image\/"}}]}},"jetpack_sharing_enabled":true,"_links":{"self":[{"href":"https:\/\/boutique.lapresse.tn\/index.php\/wp-json\/wp\/v2\/product\/7171","targetHints":{"allow":["GET"]}}],"collection":[{"href":"https:\/\/boutique.lapresse.tn\/index.php\/wp-json\/wp\/v2\/product"}],"about":[{"href":"https:\/\/boutique.lapresse.tn\/index.php\/wp-json\/wp\/v2\/types\/product"}],"version-history":[{"count":2,"href":"https:\/\/boutique.lapresse.tn\/index.php\/wp-json\/wp\/v2\/product\/7171\/revisions"}],"predecessor-version":[{"id":7267,"href":"https:\/\/boutique.lapresse.tn\/index.php\/wp-json\/wp\/v2\/product\/7171\/revisions\/7267"}],"wp:featuredmedia":[{"embeddable":true,"href":"https:\/\/boutique.lapresse.tn\/index.php\/wp-json\/wp\/v2\/media\/6912"}],"wp:attachment":[{"href":"https:\/\/boutique.lapresse.tn\/index.php\/wp-json\/wp\/v2\/media?parent=7171"}],"wp:term":[{"taxonomy":"product_brand","embeddable":true,"href":"https:\/\/boutique.lapresse.tn\/index.php\/wp-json\/wp\/v2\/product_brand?post=7171"},{"taxonomy":"product_cat","embeddable":true,"href":"https:\/\/boutique.lapresse.tn\/index.php\/wp-json\/wp\/v2\/product_cat?post=7171"},{"taxonomy":"product_tag","embeddable":true,"href":"https:\/\/boutique.lapresse.tn\/index.php\/wp-json\/wp\/v2\/product_tag?post=7171"}],"curies":[{"name":"wp","href":"https:\/\/api.w.org\/{rel}","templated":true}]}}