{"id":7159,"date":"2025-06-15T11:14:54","date_gmt":"2025-06-15T10:14:54","guid":{"rendered":"https:\/\/boutique.lapresse.tn\/?post_type=product&#038;p=7159"},"modified":"2026-03-05T23:48:48","modified_gmt":"2026-03-05T22:48:48","slug":"magazine-du-15-juin-2025","status":"publish","type":"product","link":"https:\/\/boutique.lapresse.tn\/index.php\/produit\/magazine-du-15-juin-2025\/","title":{"rendered":"Magazine du 15 Juin 2025"},"content":{"rendered":"","protected":false},"excerpt":{"rendered":"<p><!-- La Presse Magazine  --><\/p>\n<div>\n<p>  <!-- M\u00e9tadonn\u00e9es --><\/p>\n<div>\n<p><strong>\ud83d\udcc5 Dimanche 15 juin 2025 <\/strong><\/p>\n<\/p><\/div>\n<p>  <!-- Titre principal --><\/p>\n<h1>Au sommaire de cette \u00e9dition :<\/h1>\n<p>  <!-- Liste des articles --><\/p>\n<div>\n<p>    <!-- Article 1 --><\/p>\n<div>\n<p>        <strong> \ud83c\udfde\ufe0f \u00c9chapp\u00e9esbelless : Ghar El Melh<\/strong><br \/>\n        <br \/>\n        Une beaut\u00e9 sublime o\u00f9 la mer rencontre la montagne et le charme du pass\u00e9.\n      <\/p>\n<\/p><\/div>\n<p>    <!-- Article 2 --><\/p>\n<div>\n<p>        <strong>Sant\u00e9 &amp; Beaut\u00e9<\/strong><br \/>\n        <br \/>\n        Fox Eye, V Line, Russian Lips\u2026 Les pi\u00e8ges du marketing esth\u00e9tique.\n      <\/p>\n<\/p><\/div>\n<p>    <!-- Article 3 --><\/p>\n<div>\n<p>        <strong> \ud83d\udca7 \u00c9v\u00e9nement : Irrimed 2025<\/strong><br \/>\n        <br \/>\n        Innover pour une irrigation durable.\n      <\/p>\n<\/p><\/div>\n<p>    <!-- Article 4 --><\/p>\n<div>\n<p>        <strong> \ud83c\udfad Cheera Rammeh<\/strong><br \/>\n        <br \/>\n        <em>\u00ab Je regrette d&rsquo;avoir toujours calcul\u00e9 mes pas. \u00bb<\/em>\n      <\/p>\n<\/p><\/div>\n<\/p><\/div>\n<p>  <!-- Pied de page \/ Informations compl\u00e9mentaires --><\/p>\n<div>\n<p>      <strong> \ud83d\udce5 Gratuit | \u00c9dition du dimanche<\/strong> \u2013 Un magazine offert \u00e0 tous nos lecteurs.\n    <\/p>\n<\/p><\/div>\n<\/div>\n","protected":false},"featured_media":6912,"template":"","meta":[],"product_brand":[],"product_cat":[133,15],"product_tag":[],"class_list":{"0":"post-7159","1":"product","2":"type-product","3":"status-publish","4":"has-post-thumbnail","6":"product_cat-la-presse","7":"product_cat-magazine","9":"first","10":"instock","11":"downloadable","12":"virtual","13":"taxable","14":"purchasable","15":"product-type-simple"},"yoast_head":"<!-- This site is optimized with the Yoast SEO plugin v27.4 - https:\/\/yoast.com\/product\/yoast-seo-wordpress\/ -->\n<title>Magazine du 15 Juin 2025 - Boutique La Presse de Tunisie<\/title>\n<meta name=\"robots\" content=\"index, follow, max-snippet:-1, max-image-preview:large, max-video-preview:-1\" \/>\n<link rel=\"canonical\" href=\"https:\/\/boutique.lapresse.tn\/index.php\/produit\/magazine-du-15-juin-2025\/\" \/>\n<meta property=\"og:locale\" content=\"fr_FR\" \/>\n<meta property=\"og:type\" content=\"article\" \/>\n<meta property=\"og:title\" content=\"Magazine du 15 Juin 2025 - Boutique La Presse de Tunisie\" \/>\n<meta property=\"og:description\" content=\"\ud83d\udcc5 Dimanche 15 juin 2025           Au sommaire de cette \u00e9dition :                           \ud83c\udfde\ufe0f \u00c9chapp\u00e9esbelless : Ghar El Melh          Une beaut\u00e9 sublime o\u00f9 la mer rencontre la montagne et le charme du pass\u00e9.                            Sant\u00e9 &amp; Beaut\u00e9          Fox Eye, V Line, Russian Lips\u2026 Les pi\u00e8ges du marketing esth\u00e9tique.                            \ud83d\udca7 \u00c9v\u00e9nement : Irrimed 2025          Innover pour une irrigation durable.                            \ud83c\udfad Cheera Rammeh          \u00ab Je regrette d&#039;avoir toujours calcul\u00e9 mes pas. \u00bb                        \ud83d\udce5 Gratuit | \u00c9dition du dimanche \u2013 Un magazine offert \u00e0 tous nos lecteurs.\" \/>\n<meta property=\"og:url\" content=\"https:\/\/boutique.lapresse.tn\/index.php\/produit\/magazine-du-15-juin-2025\/\" \/>\n<meta property=\"og:site_name\" content=\"Boutique La Presse de Tunisie\" \/>\n<meta property=\"article:modified_time\" content=\"2026-03-05T22:48:48+00:00\" \/>\n<meta property=\"og:image\" content=\"https:\/\/boutique.lapresse.tn\/wp-content\/uploads\/2026\/03\/younesfarhi.jpg\" \/>\n\t<meta property=\"og:image:width\" content=\"1080\" \/>\n\t<meta property=\"og:image:height\" content=\"1080\" \/>\n\t<meta property=\"og:image:type\" content=\"image\/jpeg\" \/>\n<meta name=\"twitter:card\" content=\"summary_large_image\" \/>\n<meta name=\"twitter:label1\" content=\"Dur\u00e9e de lecture estim\u00e9e\" \/>\n\t<meta name=\"twitter:data1\" content=\"1 minute\" \/>\n<script type=\"application\/ld+json\" class=\"yoast-schema-graph\">{\"@context\":\"https:\\\/\\\/schema.org\",\"@graph\":[{\"@type\":\"WebPage\",\"@id\":\"https:\\\/\\\/boutique.lapresse.tn\\\/index.php\\\/produit\\\/magazine-du-15-juin-2025\\\/\",\"url\":\"https:\\\/\\\/boutique.lapresse.tn\\\/index.php\\\/produit\\\/magazine-du-15-juin-2025\\\/\",\"name\":\"Magazine du 15 Juin 2025 - Boutique La Presse de Tunisie\",\"isPartOf\":{\"@id\":\"https:\\\/\\\/boutique.lapresse.tn\\\/#website\"},\"primaryImageOfPage\":{\"@id\":\"https:\\\/\\\/boutique.lapresse.tn\\\/index.php\\\/produit\\\/magazine-du-15-juin-2025\\\/#primaryimage\"},\"image\":{\"@id\":\"https:\\\/\\\/boutique.lapresse.tn\\\/index.php\\\/produit\\\/magazine-du-15-juin-2025\\\/#primaryimage\"},\"thumbnailUrl\":\"https:\\\/\\\/i0.wp.com\\\/boutique.lapresse.tn\\\/wp-content\\\/uploads\\\/2026\\\/03\\\/younesfarhi.jpg?fit=1080%2C1080&ssl=1\",\"datePublished\":\"2025-06-15T10:14:54+00:00\",\"dateModified\":\"2026-03-05T22:48:48+00:00\",\"breadcrumb\":{\"@id\":\"https:\\\/\\\/boutique.lapresse.tn\\\/index.php\\\/produit\\\/magazine-du-15-juin-2025\\\/#breadcrumb\"},\"inLanguage\":\"fr-FR\",\"potentialAction\":[{\"@type\":\"ReadAction\",\"target\":[\"https:\\\/\\\/boutique.lapresse.tn\\\/index.php\\\/produit\\\/magazine-du-15-juin-2025\\\/\"]}]},{\"@type\":\"ImageObject\",\"inLanguage\":\"fr-FR\",\"@id\":\"https:\\\/\\\/boutique.lapresse.tn\\\/index.php\\\/produit\\\/magazine-du-15-juin-2025\\\/#primaryimage\",\"url\":\"https:\\\/\\\/i0.wp.com\\\/boutique.lapresse.tn\\\/wp-content\\\/uploads\\\/2026\\\/03\\\/younesfarhi.jpg?fit=1080%2C1080&ssl=1\",\"contentUrl\":\"https:\\\/\\\/i0.wp.com\\\/boutique.lapresse.tn\\\/wp-content\\\/uploads\\\/2026\\\/03\\\/younesfarhi.jpg?fit=1080%2C1080&ssl=1\",\"width\":1080,\"height\":1080},{\"@type\":\"BreadcrumbList\",\"@id\":\"https:\\\/\\\/boutique.lapresse.tn\\\/index.php\\\/produit\\\/magazine-du-15-juin-2025\\\/#breadcrumb\",\"itemListElement\":[{\"@type\":\"ListItem\",\"position\":1,\"name\":\"Accueil\",\"item\":\"https:\\\/\\\/boutique.lapresse.tn\\\/\"},{\"@type\":\"ListItem\",\"position\":2,\"name\":\"Boutique\",\"item\":\"https:\\\/\\\/boutique.lapresse.tn\\\/index.php\\\/boutique\\\/\"},{\"@type\":\"ListItem\",\"position\":3,\"name\":\"Magazine du 15 Juin 2025\"}]},{\"@type\":\"WebSite\",\"@id\":\"https:\\\/\\\/boutique.lapresse.tn\\\/#website\",\"url\":\"https:\\\/\\\/boutique.lapresse.tn\\\/\",\"name\":\"Boutique La Presse de Tunisie\",\"description\":\"\",\"publisher\":{\"@id\":\"https:\\\/\\\/boutique.lapresse.tn\\\/#organization\"},\"potentialAction\":[{\"@type\":\"SearchAction\",\"target\":{\"@type\":\"EntryPoint\",\"urlTemplate\":\"https:\\\/\\\/boutique.lapresse.tn\\\/?s={search_term_string}\"},\"query-input\":{\"@type\":\"PropertyValueSpecification\",\"valueRequired\":true,\"valueName\":\"search_term_string\"}}],\"inLanguage\":\"fr-FR\"},{\"@type\":\"Organization\",\"@id\":\"https:\\\/\\\/boutique.lapresse.tn\\\/#organization\",\"name\":\"Boutique La Presse de Tunisie\",\"url\":\"https:\\\/\\\/boutique.lapresse.tn\\\/\",\"logo\":{\"@type\":\"ImageObject\",\"inLanguage\":\"fr-FR\",\"@id\":\"https:\\\/\\\/boutique.lapresse.tn\\\/#\\\/schema\\\/logo\\\/image\\\/\",\"url\":\"https:\\\/\\\/i0.wp.com\\\/boutique.lapresse.tn\\\/wp-content\\\/uploads\\\/2026\\\/02\\\/cropped-cropped-lapresse7.jpg?fit=1381%2C249&ssl=1\",\"contentUrl\":\"https:\\\/\\\/i0.wp.com\\\/boutique.lapresse.tn\\\/wp-content\\\/uploads\\\/2026\\\/02\\\/cropped-cropped-lapresse7.jpg?fit=1381%2C249&ssl=1\",\"width\":1381,\"height\":249,\"caption\":\" Boutique La Presse de Tunisie\"},\"image\":{\"@id\":\"https:\\\/\\\/boutique.lapresse.tn\\\/#\\\/schema\\\/logo\\\/image\\\/\"}}]}<\/script>\n<!-- \/ Yoast SEO plugin. -->","yoast_head_json":{"title":"Magazine du 15 Juin 2025 - Boutique La Presse de Tunisie","robots":{"index":"index","follow":"follow","max-snippet":"max-snippet:-1","max-image-preview":"max-image-preview:large","max-video-preview":"max-video-preview:-1"},"canonical":"https:\/\/boutique.lapresse.tn\/index.php\/produit\/magazine-du-15-juin-2025\/","og_locale":"fr_FR","og_type":"article","og_title":"Magazine du 15 Juin 2025 - Boutique La Presse de Tunisie","og_description":"\ud83d\udcc5 Dimanche 15 juin 2025           Au sommaire de cette \u00e9dition :                           \ud83c\udfde\ufe0f \u00c9chapp\u00e9esbelless : Ghar El Melh          Une beaut\u00e9 sublime o\u00f9 la mer rencontre la montagne et le charme du pass\u00e9.                            Sant\u00e9 &amp; Beaut\u00e9          Fox Eye, V Line, Russian Lips\u2026 Les pi\u00e8ges du marketing esth\u00e9tique.                            \ud83d\udca7 \u00c9v\u00e9nement : Irrimed 2025          Innover pour une irrigation durable.                            \ud83c\udfad Cheera Rammeh          \u00ab Je regrette d'avoir toujours calcul\u00e9 mes pas. \u00bb                        \ud83d\udce5 Gratuit | \u00c9dition du dimanche \u2013 Un magazine offert \u00e0 tous nos lecteurs.","og_url":"https:\/\/boutique.lapresse.tn\/index.php\/produit\/magazine-du-15-juin-2025\/","og_site_name":"Boutique La Presse de Tunisie","article_modified_time":"2026-03-05T22:48:48+00:00","og_image":[{"width":1080,"height":1080,"url":"https:\/\/boutique.lapresse.tn\/wp-content\/uploads\/2026\/03\/younesfarhi.jpg","type":"image\/jpeg"}],"twitter_card":"summary_large_image","twitter_misc":{"Dur\u00e9e de lecture estim\u00e9e":"1 minute"},"schema":{"@context":"https:\/\/schema.org","@graph":[{"@type":"WebPage","@id":"https:\/\/boutique.lapresse.tn\/index.php\/produit\/magazine-du-15-juin-2025\/","url":"https:\/\/boutique.lapresse.tn\/index.php\/produit\/magazine-du-15-juin-2025\/","name":"Magazine du 15 Juin 2025 - Boutique La Presse de Tunisie","isPartOf":{"@id":"https:\/\/boutique.lapresse.tn\/#website"},"primaryImageOfPage":{"@id":"https:\/\/boutique.lapresse.tn\/index.php\/produit\/magazine-du-15-juin-2025\/#primaryimage"},"image":{"@id":"https:\/\/boutique.lapresse.tn\/index.php\/produit\/magazine-du-15-juin-2025\/#primaryimage"},"thumbnailUrl":"https:\/\/i0.wp.com\/boutique.lapresse.tn\/wp-content\/uploads\/2026\/03\/younesfarhi.jpg?fit=1080%2C1080&ssl=1","datePublished":"2025-06-15T10:14:54+00:00","dateModified":"2026-03-05T22:48:48+00:00","breadcrumb":{"@id":"https:\/\/boutique.lapresse.tn\/index.php\/produit\/magazine-du-15-juin-2025\/#breadcrumb"},"inLanguage":"fr-FR","potentialAction":[{"@type":"ReadAction","target":["https:\/\/boutique.lapresse.tn\/index.php\/produit\/magazine-du-15-juin-2025\/"]}]},{"@type":"ImageObject","inLanguage":"fr-FR","@id":"https:\/\/boutique.lapresse.tn\/index.php\/produit\/magazine-du-15-juin-2025\/#primaryimage","url":"https:\/\/i0.wp.com\/boutique.lapresse.tn\/wp-content\/uploads\/2026\/03\/younesfarhi.jpg?fit=1080%2C1080&ssl=1","contentUrl":"https:\/\/i0.wp.com\/boutique.lapresse.tn\/wp-content\/uploads\/2026\/03\/younesfarhi.jpg?fit=1080%2C1080&ssl=1","width":1080,"height":1080},{"@type":"BreadcrumbList","@id":"https:\/\/boutique.lapresse.tn\/index.php\/produit\/magazine-du-15-juin-2025\/#breadcrumb","itemListElement":[{"@type":"ListItem","position":1,"name":"Accueil","item":"https:\/\/boutique.lapresse.tn\/"},{"@type":"ListItem","position":2,"name":"Boutique","item":"https:\/\/boutique.lapresse.tn\/index.php\/boutique\/"},{"@type":"ListItem","position":3,"name":"Magazine du 15 Juin 2025"}]},{"@type":"WebSite","@id":"https:\/\/boutique.lapresse.tn\/#website","url":"https:\/\/boutique.lapresse.tn\/","name":"Boutique La Presse de Tunisie","description":"","publisher":{"@id":"https:\/\/boutique.lapresse.tn\/#organization"},"potentialAction":[{"@type":"SearchAction","target":{"@type":"EntryPoint","urlTemplate":"https:\/\/boutique.lapresse.tn\/?s={search_term_string}"},"query-input":{"@type":"PropertyValueSpecification","valueRequired":true,"valueName":"search_term_string"}}],"inLanguage":"fr-FR"},{"@type":"Organization","@id":"https:\/\/boutique.lapresse.tn\/#organization","name":"Boutique La Presse de Tunisie","url":"https:\/\/boutique.lapresse.tn\/","logo":{"@type":"ImageObject","inLanguage":"fr-FR","@id":"https:\/\/boutique.lapresse.tn\/#\/schema\/logo\/image\/","url":"https:\/\/i0.wp.com\/boutique.lapresse.tn\/wp-content\/uploads\/2026\/02\/cropped-cropped-lapresse7.jpg?fit=1381%2C249&ssl=1","contentUrl":"https:\/\/i0.wp.com\/boutique.lapresse.tn\/wp-content\/uploads\/2026\/02\/cropped-cropped-lapresse7.jpg?fit=1381%2C249&ssl=1","width":1381,"height":249,"caption":" Boutique La Presse de Tunisie"},"image":{"@id":"https:\/\/boutique.lapresse.tn\/#\/schema\/logo\/image\/"}}]}},"jetpack_sharing_enabled":true,"_links":{"self":[{"href":"https:\/\/boutique.lapresse.tn\/index.php\/wp-json\/wp\/v2\/product\/7159","targetHints":{"allow":["GET"]}}],"collection":[{"href":"https:\/\/boutique.lapresse.tn\/index.php\/wp-json\/wp\/v2\/product"}],"about":[{"href":"https:\/\/boutique.lapresse.tn\/index.php\/wp-json\/wp\/v2\/types\/product"}],"version-history":[{"count":2,"href":"https:\/\/boutique.lapresse.tn\/index.php\/wp-json\/wp\/v2\/product\/7159\/revisions"}],"predecessor-version":[{"id":7273,"href":"https:\/\/boutique.lapresse.tn\/index.php\/wp-json\/wp\/v2\/product\/7159\/revisions\/7273"}],"wp:featuredmedia":[{"embeddable":true,"href":"https:\/\/boutique.lapresse.tn\/index.php\/wp-json\/wp\/v2\/media\/6912"}],"wp:attachment":[{"href":"https:\/\/boutique.lapresse.tn\/index.php\/wp-json\/wp\/v2\/media?parent=7159"}],"wp:term":[{"taxonomy":"product_brand","embeddable":true,"href":"https:\/\/boutique.lapresse.tn\/index.php\/wp-json\/wp\/v2\/product_brand?post=7159"},{"taxonomy":"product_cat","embeddable":true,"href":"https:\/\/boutique.lapresse.tn\/index.php\/wp-json\/wp\/v2\/product_cat?post=7159"},{"taxonomy":"product_tag","embeddable":true,"href":"https:\/\/boutique.lapresse.tn\/index.php\/wp-json\/wp\/v2\/product_tag?post=7159"}],"curies":[{"name":"wp","href":"https:\/\/api.w.org\/{rel}","templated":true}]}}