{"id":7156,"date":"2025-07-13T11:12:50","date_gmt":"2025-07-13T10:12:50","guid":{"rendered":"https:\/\/boutique.lapresse.tn\/?post_type=product&#038;p=7156"},"modified":"2026-03-05T23:39:16","modified_gmt":"2026-03-05T22:39:16","slug":"magazine-du-13-juillet-2025","status":"publish","type":"product","link":"https:\/\/boutique.lapresse.tn\/index.php\/produit\/magazine-du-13-juillet-2025\/","title":{"rendered":"Magazine du 13 Juillet 2025"},"content":{"rendered":"","protected":false},"excerpt":{"rendered":"<p><!-- La Presse Magazine --><\/p>\n<div>\n<p><!-- M\u00e9tadonn\u00e9es --><\/p>\n<div>\n<p><strong> \ud83d\udcc5 Dimanche 13 juillet 2025 <\/strong><\/p>\n<\/div>\n<p><!-- Titre principal --><\/p>\n<h6>Au sommaire de cette \u00e9dition :<\/h6>\n<p><!-- Liste des articles --><\/p>\n<div>\n<p><!-- Article 1 --><\/p>\n<div>\n<p><strong>\ud83c\udfdd\ufe0f \u00c9chapp\u00e9es belles : la Galite<\/strong><\/p>\n<p>Un joyau sauvage au large de Tabarka.<\/p>\n<\/div>\n<p><!-- Article 2 --><\/p>\n<div>\n<p><strong> \ud83c\udf3f Sant\u00e9 &amp; Beaut\u00e9<\/strong><\/p>\n<p>Les taches brunes : comment \u00e9viter leur apparition en \u00e9t\u00e9 ?<\/p>\n<\/div>\n<p><!-- Article 3 --><\/p>\n<div>\n<p><strong> \ud83c\udfad Lobna Noomen<\/strong><\/p>\n<p><em>\u00ab Cr\u00e9er ne suffit pas, encore faut-il qu&rsquo;on vous laisse une place \u00bb<\/em><\/p>\n<\/div>\n<\/div>\n<p><!-- Pied de page \/ Informations compl\u00e9mentaires --><\/p>\n<div>\n<p><strong> \ud83d\udce5 Gratuit | \u00c9dition du dimanche<\/strong> \u2013 Un magazine offert \u00e0 tous nos lecteurs.<\/p>\n<\/div>\n<\/div>\n","protected":false},"featured_media":6912,"template":"","meta":[],"product_brand":[],"product_cat":[133,15],"product_tag":[],"class_list":{"0":"post-7156","1":"product","2":"type-product","3":"status-publish","4":"has-post-thumbnail","6":"product_cat-la-presse","7":"product_cat-magazine","9":"first","10":"instock","11":"downloadable","12":"virtual","13":"taxable","14":"purchasable","15":"product-type-simple"},"yoast_head":"<!-- This site is optimized with the Yoast SEO plugin v27.4 - https:\/\/yoast.com\/product\/yoast-seo-wordpress\/ -->\n<title>Magazine du 13 Juillet 2025 - Boutique La Presse de Tunisie<\/title>\n<meta name=\"robots\" content=\"index, follow, max-snippet:-1, max-image-preview:large, max-video-preview:-1\" \/>\n<link rel=\"canonical\" href=\"https:\/\/boutique.lapresse.tn\/index.php\/produit\/magazine-du-13-juillet-2025\/\" \/>\n<meta property=\"og:locale\" content=\"fr_FR\" \/>\n<meta property=\"og:type\" content=\"article\" \/>\n<meta property=\"og:title\" content=\"Magazine du 13 Juillet 2025 - Boutique La Presse de Tunisie\" \/>\n<meta property=\"og:description\" content=\"\ud83d\udcc5 Dimanche 13 juillet 2025     Au sommaire de cette \u00e9dition :       \ud83c\udfdd\ufe0f \u00c9chapp\u00e9es belles : la Galite  Un joyau sauvage au large de Tabarka.       \ud83c\udf3f Sant\u00e9 &amp; Beaut\u00e9  Les taches brunes : comment \u00e9viter leur apparition en \u00e9t\u00e9 ?       \ud83c\udfad Lobna Noomen  \u00ab Cr\u00e9er ne suffit pas, encore faut-il qu&#039;on vous laisse une place \u00bb        \ud83d\udce5 Gratuit | \u00c9dition du dimanche \u2013 Un magazine offert \u00e0 tous nos lecteurs.\" \/>\n<meta property=\"og:url\" content=\"https:\/\/boutique.lapresse.tn\/index.php\/produit\/magazine-du-13-juillet-2025\/\" \/>\n<meta property=\"og:site_name\" content=\"Boutique La Presse de Tunisie\" \/>\n<meta property=\"article:modified_time\" content=\"2026-03-05T22:39:16+00:00\" \/>\n<meta property=\"og:image\" content=\"https:\/\/boutique.lapresse.tn\/wp-content\/uploads\/2026\/03\/younesfarhi.jpg\" \/>\n\t<meta property=\"og:image:width\" content=\"1080\" \/>\n\t<meta property=\"og:image:height\" content=\"1080\" \/>\n\t<meta property=\"og:image:type\" content=\"image\/jpeg\" \/>\n<meta name=\"twitter:card\" content=\"summary_large_image\" \/>\n<meta name=\"twitter:label1\" content=\"Dur\u00e9e de lecture estim\u00e9e\" \/>\n\t<meta name=\"twitter:data1\" content=\"1 minute\" \/>\n<script type=\"application\/ld+json\" class=\"yoast-schema-graph\">{\"@context\":\"https:\\\/\\\/schema.org\",\"@graph\":[{\"@type\":\"WebPage\",\"@id\":\"https:\\\/\\\/boutique.lapresse.tn\\\/index.php\\\/produit\\\/magazine-du-13-juillet-2025\\\/\",\"url\":\"https:\\\/\\\/boutique.lapresse.tn\\\/index.php\\\/produit\\\/magazine-du-13-juillet-2025\\\/\",\"name\":\"Magazine du 13 Juillet 2025 - Boutique La Presse de Tunisie\",\"isPartOf\":{\"@id\":\"https:\\\/\\\/boutique.lapresse.tn\\\/#website\"},\"primaryImageOfPage\":{\"@id\":\"https:\\\/\\\/boutique.lapresse.tn\\\/index.php\\\/produit\\\/magazine-du-13-juillet-2025\\\/#primaryimage\"},\"image\":{\"@id\":\"https:\\\/\\\/boutique.lapresse.tn\\\/index.php\\\/produit\\\/magazine-du-13-juillet-2025\\\/#primaryimage\"},\"thumbnailUrl\":\"https:\\\/\\\/i0.wp.com\\\/boutique.lapresse.tn\\\/wp-content\\\/uploads\\\/2026\\\/03\\\/younesfarhi.jpg?fit=1080%2C1080&ssl=1\",\"datePublished\":\"2025-07-13T10:12:50+00:00\",\"dateModified\":\"2026-03-05T22:39:16+00:00\",\"breadcrumb\":{\"@id\":\"https:\\\/\\\/boutique.lapresse.tn\\\/index.php\\\/produit\\\/magazine-du-13-juillet-2025\\\/#breadcrumb\"},\"inLanguage\":\"fr-FR\",\"potentialAction\":[{\"@type\":\"ReadAction\",\"target\":[\"https:\\\/\\\/boutique.lapresse.tn\\\/index.php\\\/produit\\\/magazine-du-13-juillet-2025\\\/\"]}]},{\"@type\":\"ImageObject\",\"inLanguage\":\"fr-FR\",\"@id\":\"https:\\\/\\\/boutique.lapresse.tn\\\/index.php\\\/produit\\\/magazine-du-13-juillet-2025\\\/#primaryimage\",\"url\":\"https:\\\/\\\/i0.wp.com\\\/boutique.lapresse.tn\\\/wp-content\\\/uploads\\\/2026\\\/03\\\/younesfarhi.jpg?fit=1080%2C1080&ssl=1\",\"contentUrl\":\"https:\\\/\\\/i0.wp.com\\\/boutique.lapresse.tn\\\/wp-content\\\/uploads\\\/2026\\\/03\\\/younesfarhi.jpg?fit=1080%2C1080&ssl=1\",\"width\":1080,\"height\":1080},{\"@type\":\"BreadcrumbList\",\"@id\":\"https:\\\/\\\/boutique.lapresse.tn\\\/index.php\\\/produit\\\/magazine-du-13-juillet-2025\\\/#breadcrumb\",\"itemListElement\":[{\"@type\":\"ListItem\",\"position\":1,\"name\":\"Accueil\",\"item\":\"https:\\\/\\\/boutique.lapresse.tn\\\/\"},{\"@type\":\"ListItem\",\"position\":2,\"name\":\"Boutique\",\"item\":\"https:\\\/\\\/boutique.lapresse.tn\\\/index.php\\\/boutique\\\/\"},{\"@type\":\"ListItem\",\"position\":3,\"name\":\"Magazine du 13 Juillet 2025\"}]},{\"@type\":\"WebSite\",\"@id\":\"https:\\\/\\\/boutique.lapresse.tn\\\/#website\",\"url\":\"https:\\\/\\\/boutique.lapresse.tn\\\/\",\"name\":\"Boutique La Presse de Tunisie\",\"description\":\"\",\"publisher\":{\"@id\":\"https:\\\/\\\/boutique.lapresse.tn\\\/#organization\"},\"potentialAction\":[{\"@type\":\"SearchAction\",\"target\":{\"@type\":\"EntryPoint\",\"urlTemplate\":\"https:\\\/\\\/boutique.lapresse.tn\\\/?s={search_term_string}\"},\"query-input\":{\"@type\":\"PropertyValueSpecification\",\"valueRequired\":true,\"valueName\":\"search_term_string\"}}],\"inLanguage\":\"fr-FR\"},{\"@type\":\"Organization\",\"@id\":\"https:\\\/\\\/boutique.lapresse.tn\\\/#organization\",\"name\":\"Boutique La Presse de Tunisie\",\"url\":\"https:\\\/\\\/boutique.lapresse.tn\\\/\",\"logo\":{\"@type\":\"ImageObject\",\"inLanguage\":\"fr-FR\",\"@id\":\"https:\\\/\\\/boutique.lapresse.tn\\\/#\\\/schema\\\/logo\\\/image\\\/\",\"url\":\"https:\\\/\\\/i0.wp.com\\\/boutique.lapresse.tn\\\/wp-content\\\/uploads\\\/2026\\\/02\\\/cropped-cropped-lapresse7.jpg?fit=1381%2C249&ssl=1\",\"contentUrl\":\"https:\\\/\\\/i0.wp.com\\\/boutique.lapresse.tn\\\/wp-content\\\/uploads\\\/2026\\\/02\\\/cropped-cropped-lapresse7.jpg?fit=1381%2C249&ssl=1\",\"width\":1381,\"height\":249,\"caption\":\" Boutique La Presse de Tunisie\"},\"image\":{\"@id\":\"https:\\\/\\\/boutique.lapresse.tn\\\/#\\\/schema\\\/logo\\\/image\\\/\"}}]}<\/script>\n<!-- \/ Yoast SEO plugin. -->","yoast_head_json":{"title":"Magazine du 13 Juillet 2025 - Boutique La Presse de Tunisie","robots":{"index":"index","follow":"follow","max-snippet":"max-snippet:-1","max-image-preview":"max-image-preview:large","max-video-preview":"max-video-preview:-1"},"canonical":"https:\/\/boutique.lapresse.tn\/index.php\/produit\/magazine-du-13-juillet-2025\/","og_locale":"fr_FR","og_type":"article","og_title":"Magazine du 13 Juillet 2025 - Boutique La Presse de Tunisie","og_description":"\ud83d\udcc5 Dimanche 13 juillet 2025     Au sommaire de cette \u00e9dition :       \ud83c\udfdd\ufe0f \u00c9chapp\u00e9es belles : la Galite  Un joyau sauvage au large de Tabarka.       \ud83c\udf3f Sant\u00e9 &amp; Beaut\u00e9  Les taches brunes : comment \u00e9viter leur apparition en \u00e9t\u00e9 ?       \ud83c\udfad Lobna Noomen  \u00ab Cr\u00e9er ne suffit pas, encore faut-il qu'on vous laisse une place \u00bb        \ud83d\udce5 Gratuit | \u00c9dition du dimanche \u2013 Un magazine offert \u00e0 tous nos lecteurs.","og_url":"https:\/\/boutique.lapresse.tn\/index.php\/produit\/magazine-du-13-juillet-2025\/","og_site_name":"Boutique La Presse de Tunisie","article_modified_time":"2026-03-05T22:39:16+00:00","og_image":[{"width":1080,"height":1080,"url":"https:\/\/boutique.lapresse.tn\/wp-content\/uploads\/2026\/03\/younesfarhi.jpg","type":"image\/jpeg"}],"twitter_card":"summary_large_image","twitter_misc":{"Dur\u00e9e de lecture estim\u00e9e":"1 minute"},"schema":{"@context":"https:\/\/schema.org","@graph":[{"@type":"WebPage","@id":"https:\/\/boutique.lapresse.tn\/index.php\/produit\/magazine-du-13-juillet-2025\/","url":"https:\/\/boutique.lapresse.tn\/index.php\/produit\/magazine-du-13-juillet-2025\/","name":"Magazine du 13 Juillet 2025 - Boutique La Presse de Tunisie","isPartOf":{"@id":"https:\/\/boutique.lapresse.tn\/#website"},"primaryImageOfPage":{"@id":"https:\/\/boutique.lapresse.tn\/index.php\/produit\/magazine-du-13-juillet-2025\/#primaryimage"},"image":{"@id":"https:\/\/boutique.lapresse.tn\/index.php\/produit\/magazine-du-13-juillet-2025\/#primaryimage"},"thumbnailUrl":"https:\/\/i0.wp.com\/boutique.lapresse.tn\/wp-content\/uploads\/2026\/03\/younesfarhi.jpg?fit=1080%2C1080&ssl=1","datePublished":"2025-07-13T10:12:50+00:00","dateModified":"2026-03-05T22:39:16+00:00","breadcrumb":{"@id":"https:\/\/boutique.lapresse.tn\/index.php\/produit\/magazine-du-13-juillet-2025\/#breadcrumb"},"inLanguage":"fr-FR","potentialAction":[{"@type":"ReadAction","target":["https:\/\/boutique.lapresse.tn\/index.php\/produit\/magazine-du-13-juillet-2025\/"]}]},{"@type":"ImageObject","inLanguage":"fr-FR","@id":"https:\/\/boutique.lapresse.tn\/index.php\/produit\/magazine-du-13-juillet-2025\/#primaryimage","url":"https:\/\/i0.wp.com\/boutique.lapresse.tn\/wp-content\/uploads\/2026\/03\/younesfarhi.jpg?fit=1080%2C1080&ssl=1","contentUrl":"https:\/\/i0.wp.com\/boutique.lapresse.tn\/wp-content\/uploads\/2026\/03\/younesfarhi.jpg?fit=1080%2C1080&ssl=1","width":1080,"height":1080},{"@type":"BreadcrumbList","@id":"https:\/\/boutique.lapresse.tn\/index.php\/produit\/magazine-du-13-juillet-2025\/#breadcrumb","itemListElement":[{"@type":"ListItem","position":1,"name":"Accueil","item":"https:\/\/boutique.lapresse.tn\/"},{"@type":"ListItem","position":2,"name":"Boutique","item":"https:\/\/boutique.lapresse.tn\/index.php\/boutique\/"},{"@type":"ListItem","position":3,"name":"Magazine du 13 Juillet 2025"}]},{"@type":"WebSite","@id":"https:\/\/boutique.lapresse.tn\/#website","url":"https:\/\/boutique.lapresse.tn\/","name":"Boutique La Presse de Tunisie","description":"","publisher":{"@id":"https:\/\/boutique.lapresse.tn\/#organization"},"potentialAction":[{"@type":"SearchAction","target":{"@type":"EntryPoint","urlTemplate":"https:\/\/boutique.lapresse.tn\/?s={search_term_string}"},"query-input":{"@type":"PropertyValueSpecification","valueRequired":true,"valueName":"search_term_string"}}],"inLanguage":"fr-FR"},{"@type":"Organization","@id":"https:\/\/boutique.lapresse.tn\/#organization","name":"Boutique La Presse de Tunisie","url":"https:\/\/boutique.lapresse.tn\/","logo":{"@type":"ImageObject","inLanguage":"fr-FR","@id":"https:\/\/boutique.lapresse.tn\/#\/schema\/logo\/image\/","url":"https:\/\/i0.wp.com\/boutique.lapresse.tn\/wp-content\/uploads\/2026\/02\/cropped-cropped-lapresse7.jpg?fit=1381%2C249&ssl=1","contentUrl":"https:\/\/i0.wp.com\/boutique.lapresse.tn\/wp-content\/uploads\/2026\/02\/cropped-cropped-lapresse7.jpg?fit=1381%2C249&ssl=1","width":1381,"height":249,"caption":" Boutique La Presse de Tunisie"},"image":{"@id":"https:\/\/boutique.lapresse.tn\/#\/schema\/logo\/image\/"}}]}},"jetpack_sharing_enabled":true,"_links":{"self":[{"href":"https:\/\/boutique.lapresse.tn\/index.php\/wp-json\/wp\/v2\/product\/7156","targetHints":{"allow":["GET"]}}],"collection":[{"href":"https:\/\/boutique.lapresse.tn\/index.php\/wp-json\/wp\/v2\/product"}],"about":[{"href":"https:\/\/boutique.lapresse.tn\/index.php\/wp-json\/wp\/v2\/types\/product"}],"version-history":[{"count":3,"href":"https:\/\/boutique.lapresse.tn\/index.php\/wp-json\/wp\/v2\/product\/7156\/revisions"}],"predecessor-version":[{"id":7271,"href":"https:\/\/boutique.lapresse.tn\/index.php\/wp-json\/wp\/v2\/product\/7156\/revisions\/7271"}],"wp:featuredmedia":[{"embeddable":true,"href":"https:\/\/boutique.lapresse.tn\/index.php\/wp-json\/wp\/v2\/media\/6912"}],"wp:attachment":[{"href":"https:\/\/boutique.lapresse.tn\/index.php\/wp-json\/wp\/v2\/media?parent=7156"}],"wp:term":[{"taxonomy":"product_brand","embeddable":true,"href":"https:\/\/boutique.lapresse.tn\/index.php\/wp-json\/wp\/v2\/product_brand?post=7156"},{"taxonomy":"product_cat","embeddable":true,"href":"https:\/\/boutique.lapresse.tn\/index.php\/wp-json\/wp\/v2\/product_cat?post=7156"},{"taxonomy":"product_tag","embeddable":true,"href":"https:\/\/boutique.lapresse.tn\/index.php\/wp-json\/wp\/v2\/product_tag?post=7156"}],"curies":[{"name":"wp","href":"https:\/\/api.w.org\/{rel}","templated":true}]}}