{"id":6921,"date":"2026-02-15T11:23:51","date_gmt":"2026-02-15T10:23:51","guid":{"rendered":"https:\/\/boutique.lapresse.tn\/?post_type=product&#038;p=6921"},"modified":"2026-03-05T12:44:29","modified_gmt":"2026-03-05T11:44:29","slug":"magazine-du-15-fevrier-2026","status":"publish","type":"product","link":"https:\/\/boutique.lapresse.tn\/index.php\/produit\/magazine-du-15-fevrier-2026\/","title":{"rendered":"Magazine du 15 F\u00e9vrier 2026"},"content":{"rendered":"","protected":false},"excerpt":{"rendered":"<p><!-- La Presse Magazine - \u00c9dition du dimanche --><\/p>\n<div>\n<p><!-- M\u00e9tadonn\u00e9es --><\/p>\n<div>\n<p><strong>\ud83d\udcc5 Dimanche 15 f\u00e9vrier 2026<\/strong><\/p>\n<\/div>\n<p><!-- Titre principal --><\/p>\n<h6>Au sommaire de ce num\u00e9ro :<\/h6>\n<p><!-- Liste des articles --><\/p>\n<div>\n<p><!-- Article 1 --><\/p>\n<div>\n<p><strong> \ud83d\udc69\u200d\ud83c\udf73 Portrait | Malek Laabidi<\/strong><\/p>\n<p><em>\u00ab La passion d&rsquo;une cuisine qui \u00e9veille les sens \u00bb<\/em><\/p>\n<p>Rencontre avec Malek Laabidi, cheffe cuisini\u00e8re passionn\u00e9e qui nous invite dans son univers culinaire g\u00e9n\u00e9reux et authentique, o\u00f9 chaque plat raconte une histoire.<\/p>\n<\/div>\n<p><!-- Article 2 --><\/p>\n<div>\n<p><strong> \ud83d\udc87 Sant\u00e9 &amp; Beaut\u00e9<\/strong><\/p>\n<p>La calvitie masculine : la greffe capillaire, une vraie solution ? Tout ce qu&rsquo;il faut savoir avant de se lancer.<\/p>\n<\/div>\n<p><!-- Article 3 --><\/p>\n<div>\n<p><strong> \ud83c\udf0d \u00c9chapp\u00e9es Belles<\/strong><\/p>\n<p>Ramadan en Tunisie \u2013 Voyage au c\u0153ur des villes et des saveurs. Une balade gourmande et culturelle \u00e0 travers les r\u00e9gions tunisiennes pendant le mois sacr\u00e9.<\/p>\n<\/div>\n<\/div>\n<p><!-- Pied de page \/ Informations compl\u00e9mentaires --><\/p>\n<div>\n<p><strong> \ud83d\udce5 Acc\u00e8s gratuit<\/strong> \u2014 Ce magazine est offert \u00e0 tous nos lecteurs.<br \/>\n\ud83d\uddd3\ufe0f Parution :dimanchee 15 f\u00e9vrier 2026<br \/>\n\ud83c\udff7\ufe0f Cat\u00e9gorie : La Presse Magazine<\/p>\n<\/div>\n<\/div>\n","protected":false},"featured_media":6914,"template":"","meta":[],"product_brand":[],"product_cat":[133,15],"product_tag":[],"class_list":{"0":"post-6921","1":"product","2":"type-product","3":"status-publish","4":"has-post-thumbnail","6":"product_cat-la-presse","7":"product_cat-magazine","9":"first","10":"instock","11":"downloadable","12":"virtual","13":"taxable","14":"purchasable","15":"product-type-simple"},"yoast_head":"<!-- This site is optimized with the Yoast SEO plugin v27.4 - https:\/\/yoast.com\/product\/yoast-seo-wordpress\/ -->\n<title>Magazine du 15 F\u00e9vrier 2026 - Boutique La Presse de Tunisie<\/title>\n<meta name=\"robots\" content=\"index, follow, max-snippet:-1, max-image-preview:large, max-video-preview:-1\" \/>\n<link rel=\"canonical\" href=\"https:\/\/boutique.lapresse.tn\/index.php\/produit\/magazine-du-15-fevrier-2026\/\" \/>\n<meta property=\"og:locale\" content=\"fr_FR\" \/>\n<meta property=\"og:type\" content=\"article\" \/>\n<meta property=\"og:title\" content=\"Magazine du 15 F\u00e9vrier 2026 - Boutique La Presse de Tunisie\" \/>\n<meta property=\"og:description\" content=\"\ud83d\udcc5 Dimanche 15 f\u00e9vrier 2026    Au sommaire de ce num\u00e9ro :        \ud83d\udc69\u200d\ud83c\udf73 Portrait | Malek Laabidi  \u00ab La passion d&#039;une cuisine qui \u00e9veille les sens \u00bb  Rencontre avec Malek Laabidi, cheffe cuisini\u00e8re passionn\u00e9e qui nous invite dans son univers culinaire g\u00e9n\u00e9reux et authentique, o\u00f9 chaque plat raconte une histoire.       \ud83d\udc87 Sant\u00e9 &amp; Beaut\u00e9  La calvitie masculine : la greffe capillaire, une vraie solution ? Tout ce qu&#039;il faut savoir avant de se lancer.       \ud83c\udf0d \u00c9chapp\u00e9es Belles  Ramadan en Tunisie \u2013 Voyage au c\u0153ur des villes et des saveurs. Une balade gourmande et culturelle \u00e0 travers les r\u00e9gions tunisiennes pendant le mois sacr\u00e9.        \ud83d\udce5 Acc\u00e8s gratuit \u2014 Ce magazine est offert \u00e0 tous nos lecteurs. \ud83d\uddd3\ufe0f Parution :dimanchee 15 f\u00e9vrier 2026 \ud83c\udff7\ufe0f Cat\u00e9gorie : La Presse Magazine\" \/>\n<meta property=\"og:url\" content=\"https:\/\/boutique.lapresse.tn\/index.php\/produit\/magazine-du-15-fevrier-2026\/\" \/>\n<meta property=\"og:site_name\" content=\"Boutique La Presse de Tunisie\" \/>\n<meta property=\"article:modified_time\" content=\"2026-03-05T11:44:29+00:00\" \/>\n<meta property=\"og:image\" content=\"https:\/\/boutique.lapresse.tn\/wp-content\/uploads\/2026\/03\/malek-labidi.jpg\" \/>\n\t<meta property=\"og:image:width\" content=\"1080\" \/>\n\t<meta property=\"og:image:height\" content=\"1080\" \/>\n\t<meta property=\"og:image:type\" content=\"image\/jpeg\" \/>\n<meta name=\"twitter:card\" content=\"summary_large_image\" \/>\n<meta name=\"twitter:label1\" content=\"Dur\u00e9e de lecture estim\u00e9e\" \/>\n\t<meta name=\"twitter:data1\" content=\"1 minute\" \/>\n<script type=\"application\/ld+json\" class=\"yoast-schema-graph\">{\"@context\":\"https:\\\/\\\/schema.org\",\"@graph\":[{\"@type\":\"WebPage\",\"@id\":\"https:\\\/\\\/boutique.lapresse.tn\\\/index.php\\\/produit\\\/magazine-du-15-fevrier-2026\\\/\",\"url\":\"https:\\\/\\\/boutique.lapresse.tn\\\/index.php\\\/produit\\\/magazine-du-15-fevrier-2026\\\/\",\"name\":\"Magazine du 15 F\u00e9vrier 2026 - Boutique La Presse de Tunisie\",\"isPartOf\":{\"@id\":\"https:\\\/\\\/boutique.lapresse.tn\\\/#website\"},\"primaryImageOfPage\":{\"@id\":\"https:\\\/\\\/boutique.lapresse.tn\\\/index.php\\\/produit\\\/magazine-du-15-fevrier-2026\\\/#primaryimage\"},\"image\":{\"@id\":\"https:\\\/\\\/boutique.lapresse.tn\\\/index.php\\\/produit\\\/magazine-du-15-fevrier-2026\\\/#primaryimage\"},\"thumbnailUrl\":\"https:\\\/\\\/i0.wp.com\\\/boutique.lapresse.tn\\\/wp-content\\\/uploads\\\/2026\\\/03\\\/malek-labidi.jpg?fit=1080%2C1080&ssl=1\",\"datePublished\":\"2026-02-15T10:23:51+00:00\",\"dateModified\":\"2026-03-05T11:44:29+00:00\",\"breadcrumb\":{\"@id\":\"https:\\\/\\\/boutique.lapresse.tn\\\/index.php\\\/produit\\\/magazine-du-15-fevrier-2026\\\/#breadcrumb\"},\"inLanguage\":\"fr-FR\",\"potentialAction\":[{\"@type\":\"ReadAction\",\"target\":[\"https:\\\/\\\/boutique.lapresse.tn\\\/index.php\\\/produit\\\/magazine-du-15-fevrier-2026\\\/\"]}]},{\"@type\":\"ImageObject\",\"inLanguage\":\"fr-FR\",\"@id\":\"https:\\\/\\\/boutique.lapresse.tn\\\/index.php\\\/produit\\\/magazine-du-15-fevrier-2026\\\/#primaryimage\",\"url\":\"https:\\\/\\\/i0.wp.com\\\/boutique.lapresse.tn\\\/wp-content\\\/uploads\\\/2026\\\/03\\\/malek-labidi.jpg?fit=1080%2C1080&ssl=1\",\"contentUrl\":\"https:\\\/\\\/i0.wp.com\\\/boutique.lapresse.tn\\\/wp-content\\\/uploads\\\/2026\\\/03\\\/malek-labidi.jpg?fit=1080%2C1080&ssl=1\",\"width\":1080,\"height\":1080},{\"@type\":\"BreadcrumbList\",\"@id\":\"https:\\\/\\\/boutique.lapresse.tn\\\/index.php\\\/produit\\\/magazine-du-15-fevrier-2026\\\/#breadcrumb\",\"itemListElement\":[{\"@type\":\"ListItem\",\"position\":1,\"name\":\"Accueil\",\"item\":\"https:\\\/\\\/boutique.lapresse.tn\\\/\"},{\"@type\":\"ListItem\",\"position\":2,\"name\":\"Boutique\",\"item\":\"https:\\\/\\\/boutique.lapresse.tn\\\/index.php\\\/boutique\\\/\"},{\"@type\":\"ListItem\",\"position\":3,\"name\":\"Magazine du 15 F\u00e9vrier 2026\"}]},{\"@type\":\"WebSite\",\"@id\":\"https:\\\/\\\/boutique.lapresse.tn\\\/#website\",\"url\":\"https:\\\/\\\/boutique.lapresse.tn\\\/\",\"name\":\"Boutique La Presse de Tunisie\",\"description\":\"\",\"publisher\":{\"@id\":\"https:\\\/\\\/boutique.lapresse.tn\\\/#organization\"},\"potentialAction\":[{\"@type\":\"SearchAction\",\"target\":{\"@type\":\"EntryPoint\",\"urlTemplate\":\"https:\\\/\\\/boutique.lapresse.tn\\\/?s={search_term_string}\"},\"query-input\":{\"@type\":\"PropertyValueSpecification\",\"valueRequired\":true,\"valueName\":\"search_term_string\"}}],\"inLanguage\":\"fr-FR\"},{\"@type\":\"Organization\",\"@id\":\"https:\\\/\\\/boutique.lapresse.tn\\\/#organization\",\"name\":\"Boutique La Presse de Tunisie\",\"url\":\"https:\\\/\\\/boutique.lapresse.tn\\\/\",\"logo\":{\"@type\":\"ImageObject\",\"inLanguage\":\"fr-FR\",\"@id\":\"https:\\\/\\\/boutique.lapresse.tn\\\/#\\\/schema\\\/logo\\\/image\\\/\",\"url\":\"https:\\\/\\\/i0.wp.com\\\/boutique.lapresse.tn\\\/wp-content\\\/uploads\\\/2026\\\/02\\\/cropped-cropped-lapresse7.jpg?fit=1381%2C249&ssl=1\",\"contentUrl\":\"https:\\\/\\\/i0.wp.com\\\/boutique.lapresse.tn\\\/wp-content\\\/uploads\\\/2026\\\/02\\\/cropped-cropped-lapresse7.jpg?fit=1381%2C249&ssl=1\",\"width\":1381,\"height\":249,\"caption\":\" Boutique La Presse de Tunisie\"},\"image\":{\"@id\":\"https:\\\/\\\/boutique.lapresse.tn\\\/#\\\/schema\\\/logo\\\/image\\\/\"}}]}<\/script>\n<!-- \/ Yoast SEO plugin. -->","yoast_head_json":{"title":"Magazine du 15 F\u00e9vrier 2026 - Boutique La Presse de Tunisie","robots":{"index":"index","follow":"follow","max-snippet":"max-snippet:-1","max-image-preview":"max-image-preview:large","max-video-preview":"max-video-preview:-1"},"canonical":"https:\/\/boutique.lapresse.tn\/index.php\/produit\/magazine-du-15-fevrier-2026\/","og_locale":"fr_FR","og_type":"article","og_title":"Magazine du 15 F\u00e9vrier 2026 - Boutique La Presse de Tunisie","og_description":"\ud83d\udcc5 Dimanche 15 f\u00e9vrier 2026    Au sommaire de ce num\u00e9ro :        \ud83d\udc69\u200d\ud83c\udf73 Portrait | Malek Laabidi  \u00ab La passion d'une cuisine qui \u00e9veille les sens \u00bb  Rencontre avec Malek Laabidi, cheffe cuisini\u00e8re passionn\u00e9e qui nous invite dans son univers culinaire g\u00e9n\u00e9reux et authentique, o\u00f9 chaque plat raconte une histoire.       \ud83d\udc87 Sant\u00e9 &amp; Beaut\u00e9  La calvitie masculine : la greffe capillaire, une vraie solution ? Tout ce qu'il faut savoir avant de se lancer.       \ud83c\udf0d \u00c9chapp\u00e9es Belles  Ramadan en Tunisie \u2013 Voyage au c\u0153ur des villes et des saveurs. Une balade gourmande et culturelle \u00e0 travers les r\u00e9gions tunisiennes pendant le mois sacr\u00e9.        \ud83d\udce5 Acc\u00e8s gratuit \u2014 Ce magazine est offert \u00e0 tous nos lecteurs. \ud83d\uddd3\ufe0f Parution :dimanchee 15 f\u00e9vrier 2026 \ud83c\udff7\ufe0f Cat\u00e9gorie : La Presse Magazine","og_url":"https:\/\/boutique.lapresse.tn\/index.php\/produit\/magazine-du-15-fevrier-2026\/","og_site_name":"Boutique La Presse de Tunisie","article_modified_time":"2026-03-05T11:44:29+00:00","og_image":[{"width":1080,"height":1080,"url":"https:\/\/boutique.lapresse.tn\/wp-content\/uploads\/2026\/03\/malek-labidi.jpg","type":"image\/jpeg"}],"twitter_card":"summary_large_image","twitter_misc":{"Dur\u00e9e de lecture estim\u00e9e":"1 minute"},"schema":{"@context":"https:\/\/schema.org","@graph":[{"@type":"WebPage","@id":"https:\/\/boutique.lapresse.tn\/index.php\/produit\/magazine-du-15-fevrier-2026\/","url":"https:\/\/boutique.lapresse.tn\/index.php\/produit\/magazine-du-15-fevrier-2026\/","name":"Magazine du 15 F\u00e9vrier 2026 - Boutique La Presse de Tunisie","isPartOf":{"@id":"https:\/\/boutique.lapresse.tn\/#website"},"primaryImageOfPage":{"@id":"https:\/\/boutique.lapresse.tn\/index.php\/produit\/magazine-du-15-fevrier-2026\/#primaryimage"},"image":{"@id":"https:\/\/boutique.lapresse.tn\/index.php\/produit\/magazine-du-15-fevrier-2026\/#primaryimage"},"thumbnailUrl":"https:\/\/i0.wp.com\/boutique.lapresse.tn\/wp-content\/uploads\/2026\/03\/malek-labidi.jpg?fit=1080%2C1080&ssl=1","datePublished":"2026-02-15T10:23:51+00:00","dateModified":"2026-03-05T11:44:29+00:00","breadcrumb":{"@id":"https:\/\/boutique.lapresse.tn\/index.php\/produit\/magazine-du-15-fevrier-2026\/#breadcrumb"},"inLanguage":"fr-FR","potentialAction":[{"@type":"ReadAction","target":["https:\/\/boutique.lapresse.tn\/index.php\/produit\/magazine-du-15-fevrier-2026\/"]}]},{"@type":"ImageObject","inLanguage":"fr-FR","@id":"https:\/\/boutique.lapresse.tn\/index.php\/produit\/magazine-du-15-fevrier-2026\/#primaryimage","url":"https:\/\/i0.wp.com\/boutique.lapresse.tn\/wp-content\/uploads\/2026\/03\/malek-labidi.jpg?fit=1080%2C1080&ssl=1","contentUrl":"https:\/\/i0.wp.com\/boutique.lapresse.tn\/wp-content\/uploads\/2026\/03\/malek-labidi.jpg?fit=1080%2C1080&ssl=1","width":1080,"height":1080},{"@type":"BreadcrumbList","@id":"https:\/\/boutique.lapresse.tn\/index.php\/produit\/magazine-du-15-fevrier-2026\/#breadcrumb","itemListElement":[{"@type":"ListItem","position":1,"name":"Accueil","item":"https:\/\/boutique.lapresse.tn\/"},{"@type":"ListItem","position":2,"name":"Boutique","item":"https:\/\/boutique.lapresse.tn\/index.php\/boutique\/"},{"@type":"ListItem","position":3,"name":"Magazine du 15 F\u00e9vrier 2026"}]},{"@type":"WebSite","@id":"https:\/\/boutique.lapresse.tn\/#website","url":"https:\/\/boutique.lapresse.tn\/","name":"Boutique La Presse de Tunisie","description":"","publisher":{"@id":"https:\/\/boutique.lapresse.tn\/#organization"},"potentialAction":[{"@type":"SearchAction","target":{"@type":"EntryPoint","urlTemplate":"https:\/\/boutique.lapresse.tn\/?s={search_term_string}"},"query-input":{"@type":"PropertyValueSpecification","valueRequired":true,"valueName":"search_term_string"}}],"inLanguage":"fr-FR"},{"@type":"Organization","@id":"https:\/\/boutique.lapresse.tn\/#organization","name":"Boutique La Presse de Tunisie","url":"https:\/\/boutique.lapresse.tn\/","logo":{"@type":"ImageObject","inLanguage":"fr-FR","@id":"https:\/\/boutique.lapresse.tn\/#\/schema\/logo\/image\/","url":"https:\/\/i0.wp.com\/boutique.lapresse.tn\/wp-content\/uploads\/2026\/02\/cropped-cropped-lapresse7.jpg?fit=1381%2C249&ssl=1","contentUrl":"https:\/\/i0.wp.com\/boutique.lapresse.tn\/wp-content\/uploads\/2026\/02\/cropped-cropped-lapresse7.jpg?fit=1381%2C249&ssl=1","width":1381,"height":249,"caption":" Boutique La Presse de Tunisie"},"image":{"@id":"https:\/\/boutique.lapresse.tn\/#\/schema\/logo\/image\/"}}]}},"jetpack_sharing_enabled":true,"_links":{"self":[{"href":"https:\/\/boutique.lapresse.tn\/index.php\/wp-json\/wp\/v2\/product\/6921","targetHints":{"allow":["GET"]}}],"collection":[{"href":"https:\/\/boutique.lapresse.tn\/index.php\/wp-json\/wp\/v2\/product"}],"about":[{"href":"https:\/\/boutique.lapresse.tn\/index.php\/wp-json\/wp\/v2\/types\/product"}],"version-history":[{"count":4,"href":"https:\/\/boutique.lapresse.tn\/index.php\/wp-json\/wp\/v2\/product\/6921\/revisions"}],"predecessor-version":[{"id":7212,"href":"https:\/\/boutique.lapresse.tn\/index.php\/wp-json\/wp\/v2\/product\/6921\/revisions\/7212"}],"wp:featuredmedia":[{"embeddable":true,"href":"https:\/\/boutique.lapresse.tn\/index.php\/wp-json\/wp\/v2\/media\/6914"}],"wp:attachment":[{"href":"https:\/\/boutique.lapresse.tn\/index.php\/wp-json\/wp\/v2\/media?parent=6921"}],"wp:term":[{"taxonomy":"product_brand","embeddable":true,"href":"https:\/\/boutique.lapresse.tn\/index.php\/wp-json\/wp\/v2\/product_brand?post=6921"},{"taxonomy":"product_cat","embeddable":true,"href":"https:\/\/boutique.lapresse.tn\/index.php\/wp-json\/wp\/v2\/product_cat?post=6921"},{"taxonomy":"product_tag","embeddable":true,"href":"https:\/\/boutique.lapresse.tn\/index.php\/wp-json\/wp\/v2\/product_tag?post=6921"}],"curies":[{"name":"wp","href":"https:\/\/api.w.org\/{rel}","templated":true}]}}