{"id":6913,"date":"2026-02-22T10:54:11","date_gmt":"2026-02-22T09:54:11","guid":{"rendered":"https:\/\/boutique.lapresse.tn\/?post_type=product&#038;p=6913"},"modified":"2026-03-05T21:48:21","modified_gmt":"2026-03-05T20:48:21","slug":"magazine-du-22-fevrier-2026","status":"publish","type":"product","link":"https:\/\/boutique.lapresse.tn\/index.php\/produit\/magazine-du-22-fevrier-2026\/","title":{"rendered":"Magazine du 22 F\u00e9vrier 2026"},"content":{"rendered":"","protected":false},"excerpt":{"rendered":"<p><!-- La Presse Magazine - \u00c9dition du dimanche --><\/p>\n<div>\n<p><!-- M\u00e9tadonn\u00e9es --><\/p>\n<div>\n<p><strong> \ud83d\udcc5 Dimanche 22 f\u00e9vrier 2026<\/strong><\/p>\n<\/div>\n<p><!-- Titre principal --><\/p>\n<h6>Au sommaire de ce num\u00e9ro :<\/h6>\n<p><!-- Liste des articles --><\/p>\n<div>\n<p><!-- Article 1 --><\/p>\n<div>\n<p><strong> \ud83e\udd4b Portrait | Mohamed Khalil Jendoubi<\/strong><\/p>\n<p>Champion mondial de taekwondo<\/p>\n<p><em>\u00ab Inchallah, je reste 1\u1d49\u02b3 mondial et Ooredoo la 1\u02b3\u1d49 en Tunisie \u00bb<\/em><\/p>\n<p>Rencontre exclusive avec le champion tunisien Mohamed Khalil Jendoubi, m\u00e9daill\u00e9 aux Jeux olympiques de Paris 2024, figure de fiert\u00e9 nationale.<\/p>\n<\/div>\n<p><!-- Article 2 --><\/p>\n<div>\n<p><strong> \ud83e\uddb7 Sant\u00e9 &amp; Beaut\u00e9<\/strong><\/p>\n<p>Ramadan et sant\u00e9 bucco-dentaire : les bonnes habitudes \u00e0 adopter pendant le mois sacr\u00e9 pour pr\u00e9server votre sourire.<\/p>\n<\/div>\n<p><!-- Article 3 --><\/p>\n<div>\n<p><strong> \ud83d\udd4c \u00c9chapp\u00e9es Belles<\/strong><\/p>\n<p>Ramadan au c\u0153ur de la m\u00e9dina de Tunis \u2014 Spiritualit\u00e9, culture et traditions. Une plong\u00e9e dans l&rsquo;authenticit\u00e9 et la magie du Ramadan tunisois.<\/p>\n<\/div>\n<\/div>\n<p><!-- Pied de page \/ Informations compl\u00e9mentaires --><\/p>\n<div>\n<p><strong> \ud83d\udce5 Acc\u00e8s gratuit<\/strong> \u2014 Ce magazine est offert \u00e0 tous nos lecteurs.<br \/>\n\ud83d\uddd3\ufe0f Parution :dimanchee 22 f\u00e9vrier 2026<br \/>\n\ud83c\udff7\ufe0f Cat\u00e9gorie : La Presse Magazine<\/p>\n<\/div>\n<\/div>\n","protected":false},"featured_media":6915,"template":"","meta":[],"product_brand":[],"product_cat":[133,15],"product_tag":[],"class_list":{"0":"post-6913","1":"product","2":"type-product","3":"status-publish","4":"has-post-thumbnail","6":"product_cat-la-presse","7":"product_cat-magazine","9":"first","10":"instock","11":"downloadable","12":"virtual","13":"taxable","14":"purchasable","15":"product-type-simple"},"yoast_head":"<!-- This site is optimized with the Yoast SEO plugin v27.4 - https:\/\/yoast.com\/product\/yoast-seo-wordpress\/ -->\n<title>Magazine du 22 F\u00e9vrier 2026 - Boutique La Presse de Tunisie<\/title>\n<meta name=\"robots\" content=\"index, follow, max-snippet:-1, max-image-preview:large, max-video-preview:-1\" \/>\n<link rel=\"canonical\" href=\"https:\/\/boutique.lapresse.tn\/index.php\/produit\/magazine-du-22-fevrier-2026\/\" \/>\n<meta property=\"og:locale\" content=\"fr_FR\" \/>\n<meta property=\"og:type\" content=\"article\" \/>\n<meta property=\"og:title\" content=\"Magazine du 22 F\u00e9vrier 2026 - Boutique La Presse de Tunisie\" \/>\n<meta property=\"og:description\" content=\"\ud83d\udcc5 Dimanche 22 f\u00e9vrier 2026    Au sommaire de ce num\u00e9ro :        \ud83e\udd4b Portrait | Mohamed Khalil Jendoubi  Champion mondial de taekwondo  \u00ab Inchallah, je reste 1\u1d49\u02b3 mondial et Ooredoo la 1\u02b3\u1d49 en Tunisie \u00bb  Rencontre exclusive avec le champion tunisien Mohamed Khalil Jendoubi, m\u00e9daill\u00e9 aux Jeux olympiques de Paris 2024, figure de fiert\u00e9 nationale.       \ud83e\uddb7 Sant\u00e9 &amp; Beaut\u00e9  Ramadan et sant\u00e9 bucco-dentaire : les bonnes habitudes \u00e0 adopter pendant le mois sacr\u00e9 pour pr\u00e9server votre sourire.       \ud83d\udd4c \u00c9chapp\u00e9es Belles  Ramadan au c\u0153ur de la m\u00e9dina de Tunis \u2014 Spiritualit\u00e9, culture et traditions. Une plong\u00e9e dans l&#039;authenticit\u00e9 et la magie du Ramadan tunisois.        \ud83d\udce5 Acc\u00e8s gratuit \u2014 Ce magazine est offert \u00e0 tous nos lecteurs. \ud83d\uddd3\ufe0f Parution :dimanchee 22 f\u00e9vrier 2026 \ud83c\udff7\ufe0f Cat\u00e9gorie : La Presse Magazine\" \/>\n<meta property=\"og:url\" content=\"https:\/\/boutique.lapresse.tn\/index.php\/produit\/magazine-du-22-fevrier-2026\/\" \/>\n<meta property=\"og:site_name\" content=\"Boutique La Presse de Tunisie\" \/>\n<meta property=\"article:modified_time\" content=\"2026-03-05T20:48:21+00:00\" \/>\n<meta property=\"og:image\" content=\"https:\/\/boutique.lapresse.tn\/wp-content\/uploads\/2026\/03\/mag-jendoubi.jpg\" \/>\n\t<meta property=\"og:image:width\" content=\"1080\" \/>\n\t<meta property=\"og:image:height\" content=\"1080\" \/>\n\t<meta property=\"og:image:type\" content=\"image\/jpeg\" \/>\n<meta name=\"twitter:card\" content=\"summary_large_image\" \/>\n<meta name=\"twitter:label1\" content=\"Dur\u00e9e de lecture estim\u00e9e\" \/>\n\t<meta name=\"twitter:data1\" content=\"1 minute\" \/>\n<script type=\"application\/ld+json\" class=\"yoast-schema-graph\">{\"@context\":\"https:\\\/\\\/schema.org\",\"@graph\":[{\"@type\":\"WebPage\",\"@id\":\"https:\\\/\\\/boutique.lapresse.tn\\\/index.php\\\/produit\\\/magazine-du-22-fevrier-2026\\\/\",\"url\":\"https:\\\/\\\/boutique.lapresse.tn\\\/index.php\\\/produit\\\/magazine-du-22-fevrier-2026\\\/\",\"name\":\"Magazine du 22 F\u00e9vrier 2026 - Boutique La Presse de Tunisie\",\"isPartOf\":{\"@id\":\"https:\\\/\\\/boutique.lapresse.tn\\\/#website\"},\"primaryImageOfPage\":{\"@id\":\"https:\\\/\\\/boutique.lapresse.tn\\\/index.php\\\/produit\\\/magazine-du-22-fevrier-2026\\\/#primaryimage\"},\"image\":{\"@id\":\"https:\\\/\\\/boutique.lapresse.tn\\\/index.php\\\/produit\\\/magazine-du-22-fevrier-2026\\\/#primaryimage\"},\"thumbnailUrl\":\"https:\\\/\\\/i0.wp.com\\\/boutique.lapresse.tn\\\/wp-content\\\/uploads\\\/2026\\\/03\\\/mag-jendoubi.jpg?fit=1080%2C1080&ssl=1\",\"datePublished\":\"2026-02-22T09:54:11+00:00\",\"dateModified\":\"2026-03-05T20:48:21+00:00\",\"breadcrumb\":{\"@id\":\"https:\\\/\\\/boutique.lapresse.tn\\\/index.php\\\/produit\\\/magazine-du-22-fevrier-2026\\\/#breadcrumb\"},\"inLanguage\":\"fr-FR\",\"potentialAction\":[{\"@type\":\"ReadAction\",\"target\":[\"https:\\\/\\\/boutique.lapresse.tn\\\/index.php\\\/produit\\\/magazine-du-22-fevrier-2026\\\/\"]}]},{\"@type\":\"ImageObject\",\"inLanguage\":\"fr-FR\",\"@id\":\"https:\\\/\\\/boutique.lapresse.tn\\\/index.php\\\/produit\\\/magazine-du-22-fevrier-2026\\\/#primaryimage\",\"url\":\"https:\\\/\\\/i0.wp.com\\\/boutique.lapresse.tn\\\/wp-content\\\/uploads\\\/2026\\\/03\\\/mag-jendoubi.jpg?fit=1080%2C1080&ssl=1\",\"contentUrl\":\"https:\\\/\\\/i0.wp.com\\\/boutique.lapresse.tn\\\/wp-content\\\/uploads\\\/2026\\\/03\\\/mag-jendoubi.jpg?fit=1080%2C1080&ssl=1\",\"width\":1080,\"height\":1080},{\"@type\":\"BreadcrumbList\",\"@id\":\"https:\\\/\\\/boutique.lapresse.tn\\\/index.php\\\/produit\\\/magazine-du-22-fevrier-2026\\\/#breadcrumb\",\"itemListElement\":[{\"@type\":\"ListItem\",\"position\":1,\"name\":\"Accueil\",\"item\":\"https:\\\/\\\/boutique.lapresse.tn\\\/\"},{\"@type\":\"ListItem\",\"position\":2,\"name\":\"Boutique\",\"item\":\"https:\\\/\\\/boutique.lapresse.tn\\\/index.php\\\/boutique\\\/\"},{\"@type\":\"ListItem\",\"position\":3,\"name\":\"Magazine du 22 F\u00e9vrier 2026\"}]},{\"@type\":\"WebSite\",\"@id\":\"https:\\\/\\\/boutique.lapresse.tn\\\/#website\",\"url\":\"https:\\\/\\\/boutique.lapresse.tn\\\/\",\"name\":\"Boutique La Presse de Tunisie\",\"description\":\"\",\"publisher\":{\"@id\":\"https:\\\/\\\/boutique.lapresse.tn\\\/#organization\"},\"potentialAction\":[{\"@type\":\"SearchAction\",\"target\":{\"@type\":\"EntryPoint\",\"urlTemplate\":\"https:\\\/\\\/boutique.lapresse.tn\\\/?s={search_term_string}\"},\"query-input\":{\"@type\":\"PropertyValueSpecification\",\"valueRequired\":true,\"valueName\":\"search_term_string\"}}],\"inLanguage\":\"fr-FR\"},{\"@type\":\"Organization\",\"@id\":\"https:\\\/\\\/boutique.lapresse.tn\\\/#organization\",\"name\":\"Boutique La Presse de Tunisie\",\"url\":\"https:\\\/\\\/boutique.lapresse.tn\\\/\",\"logo\":{\"@type\":\"ImageObject\",\"inLanguage\":\"fr-FR\",\"@id\":\"https:\\\/\\\/boutique.lapresse.tn\\\/#\\\/schema\\\/logo\\\/image\\\/\",\"url\":\"https:\\\/\\\/i0.wp.com\\\/boutique.lapresse.tn\\\/wp-content\\\/uploads\\\/2026\\\/02\\\/cropped-cropped-lapresse7.jpg?fit=1381%2C249&ssl=1\",\"contentUrl\":\"https:\\\/\\\/i0.wp.com\\\/boutique.lapresse.tn\\\/wp-content\\\/uploads\\\/2026\\\/02\\\/cropped-cropped-lapresse7.jpg?fit=1381%2C249&ssl=1\",\"width\":1381,\"height\":249,\"caption\":\" Boutique La Presse de Tunisie\"},\"image\":{\"@id\":\"https:\\\/\\\/boutique.lapresse.tn\\\/#\\\/schema\\\/logo\\\/image\\\/\"}}]}<\/script>\n<!-- \/ Yoast SEO plugin. -->","yoast_head_json":{"title":"Magazine du 22 F\u00e9vrier 2026 - Boutique La Presse de Tunisie","robots":{"index":"index","follow":"follow","max-snippet":"max-snippet:-1","max-image-preview":"max-image-preview:large","max-video-preview":"max-video-preview:-1"},"canonical":"https:\/\/boutique.lapresse.tn\/index.php\/produit\/magazine-du-22-fevrier-2026\/","og_locale":"fr_FR","og_type":"article","og_title":"Magazine du 22 F\u00e9vrier 2026 - Boutique La Presse de Tunisie","og_description":"\ud83d\udcc5 Dimanche 22 f\u00e9vrier 2026    Au sommaire de ce num\u00e9ro :        \ud83e\udd4b Portrait | Mohamed Khalil Jendoubi  Champion mondial de taekwondo  \u00ab Inchallah, je reste 1\u1d49\u02b3 mondial et Ooredoo la 1\u02b3\u1d49 en Tunisie \u00bb  Rencontre exclusive avec le champion tunisien Mohamed Khalil Jendoubi, m\u00e9daill\u00e9 aux Jeux olympiques de Paris 2024, figure de fiert\u00e9 nationale.       \ud83e\uddb7 Sant\u00e9 &amp; Beaut\u00e9  Ramadan et sant\u00e9 bucco-dentaire : les bonnes habitudes \u00e0 adopter pendant le mois sacr\u00e9 pour pr\u00e9server votre sourire.       \ud83d\udd4c \u00c9chapp\u00e9es Belles  Ramadan au c\u0153ur de la m\u00e9dina de Tunis \u2014 Spiritualit\u00e9, culture et traditions. Une plong\u00e9e dans l'authenticit\u00e9 et la magie du Ramadan tunisois.        \ud83d\udce5 Acc\u00e8s gratuit \u2014 Ce magazine est offert \u00e0 tous nos lecteurs. \ud83d\uddd3\ufe0f Parution :dimanchee 22 f\u00e9vrier 2026 \ud83c\udff7\ufe0f Cat\u00e9gorie : La Presse Magazine","og_url":"https:\/\/boutique.lapresse.tn\/index.php\/produit\/magazine-du-22-fevrier-2026\/","og_site_name":"Boutique La Presse de Tunisie","article_modified_time":"2026-03-05T20:48:21+00:00","og_image":[{"width":1080,"height":1080,"url":"https:\/\/boutique.lapresse.tn\/wp-content\/uploads\/2026\/03\/mag-jendoubi.jpg","type":"image\/jpeg"}],"twitter_card":"summary_large_image","twitter_misc":{"Dur\u00e9e de lecture estim\u00e9e":"1 minute"},"schema":{"@context":"https:\/\/schema.org","@graph":[{"@type":"WebPage","@id":"https:\/\/boutique.lapresse.tn\/index.php\/produit\/magazine-du-22-fevrier-2026\/","url":"https:\/\/boutique.lapresse.tn\/index.php\/produit\/magazine-du-22-fevrier-2026\/","name":"Magazine du 22 F\u00e9vrier 2026 - Boutique La Presse de Tunisie","isPartOf":{"@id":"https:\/\/boutique.lapresse.tn\/#website"},"primaryImageOfPage":{"@id":"https:\/\/boutique.lapresse.tn\/index.php\/produit\/magazine-du-22-fevrier-2026\/#primaryimage"},"image":{"@id":"https:\/\/boutique.lapresse.tn\/index.php\/produit\/magazine-du-22-fevrier-2026\/#primaryimage"},"thumbnailUrl":"https:\/\/i0.wp.com\/boutique.lapresse.tn\/wp-content\/uploads\/2026\/03\/mag-jendoubi.jpg?fit=1080%2C1080&ssl=1","datePublished":"2026-02-22T09:54:11+00:00","dateModified":"2026-03-05T20:48:21+00:00","breadcrumb":{"@id":"https:\/\/boutique.lapresse.tn\/index.php\/produit\/magazine-du-22-fevrier-2026\/#breadcrumb"},"inLanguage":"fr-FR","potentialAction":[{"@type":"ReadAction","target":["https:\/\/boutique.lapresse.tn\/index.php\/produit\/magazine-du-22-fevrier-2026\/"]}]},{"@type":"ImageObject","inLanguage":"fr-FR","@id":"https:\/\/boutique.lapresse.tn\/index.php\/produit\/magazine-du-22-fevrier-2026\/#primaryimage","url":"https:\/\/i0.wp.com\/boutique.lapresse.tn\/wp-content\/uploads\/2026\/03\/mag-jendoubi.jpg?fit=1080%2C1080&ssl=1","contentUrl":"https:\/\/i0.wp.com\/boutique.lapresse.tn\/wp-content\/uploads\/2026\/03\/mag-jendoubi.jpg?fit=1080%2C1080&ssl=1","width":1080,"height":1080},{"@type":"BreadcrumbList","@id":"https:\/\/boutique.lapresse.tn\/index.php\/produit\/magazine-du-22-fevrier-2026\/#breadcrumb","itemListElement":[{"@type":"ListItem","position":1,"name":"Accueil","item":"https:\/\/boutique.lapresse.tn\/"},{"@type":"ListItem","position":2,"name":"Boutique","item":"https:\/\/boutique.lapresse.tn\/index.php\/boutique\/"},{"@type":"ListItem","position":3,"name":"Magazine du 22 F\u00e9vrier 2026"}]},{"@type":"WebSite","@id":"https:\/\/boutique.lapresse.tn\/#website","url":"https:\/\/boutique.lapresse.tn\/","name":"Boutique La Presse de Tunisie","description":"","publisher":{"@id":"https:\/\/boutique.lapresse.tn\/#organization"},"potentialAction":[{"@type":"SearchAction","target":{"@type":"EntryPoint","urlTemplate":"https:\/\/boutique.lapresse.tn\/?s={search_term_string}"},"query-input":{"@type":"PropertyValueSpecification","valueRequired":true,"valueName":"search_term_string"}}],"inLanguage":"fr-FR"},{"@type":"Organization","@id":"https:\/\/boutique.lapresse.tn\/#organization","name":"Boutique La Presse de Tunisie","url":"https:\/\/boutique.lapresse.tn\/","logo":{"@type":"ImageObject","inLanguage":"fr-FR","@id":"https:\/\/boutique.lapresse.tn\/#\/schema\/logo\/image\/","url":"https:\/\/i0.wp.com\/boutique.lapresse.tn\/wp-content\/uploads\/2026\/02\/cropped-cropped-lapresse7.jpg?fit=1381%2C249&ssl=1","contentUrl":"https:\/\/i0.wp.com\/boutique.lapresse.tn\/wp-content\/uploads\/2026\/02\/cropped-cropped-lapresse7.jpg?fit=1381%2C249&ssl=1","width":1381,"height":249,"caption":" Boutique La Presse de Tunisie"},"image":{"@id":"https:\/\/boutique.lapresse.tn\/#\/schema\/logo\/image\/"}}]}},"jetpack_sharing_enabled":true,"_links":{"self":[{"href":"https:\/\/boutique.lapresse.tn\/index.php\/wp-json\/wp\/v2\/product\/6913","targetHints":{"allow":["GET"]}}],"collection":[{"href":"https:\/\/boutique.lapresse.tn\/index.php\/wp-json\/wp\/v2\/product"}],"about":[{"href":"https:\/\/boutique.lapresse.tn\/index.php\/wp-json\/wp\/v2\/types\/product"}],"version-history":[{"count":4,"href":"https:\/\/boutique.lapresse.tn\/index.php\/wp-json\/wp\/v2\/product\/6913\/revisions"}],"predecessor-version":[{"id":7240,"href":"https:\/\/boutique.lapresse.tn\/index.php\/wp-json\/wp\/v2\/product\/6913\/revisions\/7240"}],"wp:featuredmedia":[{"embeddable":true,"href":"https:\/\/boutique.lapresse.tn\/index.php\/wp-json\/wp\/v2\/media\/6915"}],"wp:attachment":[{"href":"https:\/\/boutique.lapresse.tn\/index.php\/wp-json\/wp\/v2\/media?parent=6913"}],"wp:term":[{"taxonomy":"product_brand","embeddable":true,"href":"https:\/\/boutique.lapresse.tn\/index.php\/wp-json\/wp\/v2\/product_brand?post=6913"},{"taxonomy":"product_cat","embeddable":true,"href":"https:\/\/boutique.lapresse.tn\/index.php\/wp-json\/wp\/v2\/product_cat?post=6913"},{"taxonomy":"product_tag","embeddable":true,"href":"https:\/\/boutique.lapresse.tn\/index.php\/wp-json\/wp\/v2\/product_tag?post=6913"}],"curies":[{"name":"wp","href":"https:\/\/api.w.org\/{rel}","templated":true}]}}