{"id":6849,"date":"2026-02-23T12:13:32","date_gmt":"2026-02-23T11:13:32","guid":{"rendered":"https:\/\/boutique.lapresse.tn\/?post_type=product&#038;p=6849"},"modified":"2026-03-02T21:31:13","modified_gmt":"2026-03-02T20:31:13","slug":"la-presse-de-tunisie-edition-du-23-fevrier-2026","status":"publish","type":"product","link":"https:\/\/boutique.lapresse.tn\/index.php\/produit\/la-presse-de-tunisie-edition-du-23-fevrier-2026\/","title":{"rendered":"La Presse de Tunisie \u2013 \u00c9dition du 23 f\u00e9vrier 2026"},"content":{"rendered":"","protected":false},"excerpt":{"rendered":"<p data-start=\"674\" data-end=\"710\">\ud83d\udccc\u00a0 Acc\u00e9dez \u00e0 l\u2019\u00e9dition compl\u00e8te<\/p>\n<p data-start=\"674\" data-end=\"710\">du <strong data-start=\"292\" data-end=\"324\">Journal La Presse de Tunisie<\/strong><\/p>\n<p data-start=\"260\" data-end=\"409\">dat\u00e9e du <strong data-start=\"334\" data-end=\"378\">lundi 23 f\u00e9vrier 2026<\/strong>,<\/p>\n<p data-start=\"260\" data-end=\"409\">disponible en <strong data-start=\"394\" data-end=\"408\">format PDF<\/strong>.<\/p>\n<p data-start=\"411\" data-end=\"672\">Ce num\u00e9ro propose un panorama riche de l\u2019actualit\u00e9 nationale et internationale, avec notamment des sujets majeurs autour des <strong data-start=\"536\" data-end=\"555\">infrastructures<\/strong>, de la <strong data-start=\"563\" data-end=\"574\">justice<\/strong>, du <strong data-start=\"579\" data-end=\"598\">logement social<\/strong>, de la <strong data-start=\"606\" data-end=\"617\">soci\u00e9t\u00e9<\/strong>, de l\u2019<strong data-start=\"624\" data-end=\"636\">\u00e9conomie<\/strong>, de la <strong data-start=\"644\" data-end=\"655\">culture<\/strong> et du <strong data-start=\"662\" data-end=\"671\">sport<\/strong>.<\/p>\n<p data-start=\"1030\" data-end=\"1262\">\ud83d\udce5 <strong data-start=\"1033\" data-end=\"1056\">Produit num\u00e9rique :<\/strong> apr\u00e8s achat, le fichier PDF est disponible en t\u00e9l\u00e9chargement imm\u00e9diat (selon les param\u00e8tres de votre boutique).<br data-start=\"1168\" data-end=\"1171\" \/>\ud83d\udcf1 Lecture confortable sur t\u00e9l\u00e9phone, tablette et ordinateur, avec possibilit\u00e9 d\u2019archivage.<\/p>\n","protected":false},"featured_media":6873,"template":"","meta":[],"product_brand":[],"product_cat":[135,133],"product_tag":[],"class_list":{"0":"post-6849","1":"product","2":"type-product","3":"status-publish","4":"has-post-thumbnail","6":"product_cat-journal-du-jour-la-presse","7":"product_cat-la-presse","9":"first","10":"instock","11":"downloadable","12":"virtual","13":"taxable","14":"purchasable","15":"product-type-simple"},"yoast_head":"<!-- This site is optimized with the Yoast SEO plugin v27.4 - https:\/\/yoast.com\/product\/yoast-seo-wordpress\/ -->\n<title>La Presse de Tunisie \u2013 \u00c9dition du 23 f\u00e9vrier 2026 - Boutique La Presse de Tunisie<\/title>\n<meta name=\"robots\" content=\"index, follow, max-snippet:-1, max-image-preview:large, max-video-preview:-1\" \/>\n<link rel=\"canonical\" href=\"https:\/\/boutique.lapresse.tn\/index.php\/produit\/la-presse-de-tunisie-edition-du-23-fevrier-2026\/\" \/>\n<meta property=\"og:locale\" content=\"fr_FR\" \/>\n<meta property=\"og:type\" content=\"article\" \/>\n<meta property=\"og:title\" content=\"La Presse de Tunisie \u2013 \u00c9dition du 23 f\u00e9vrier 2026 - Boutique La Presse de Tunisie\" \/>\n<meta property=\"og:description\" content=\"\ud83d\udccc\u00a0 Acc\u00e9dez \u00e0 l\u2019\u00e9dition compl\u00e8te du Journal La Presse de Tunisie dat\u00e9e du lundi 23 f\u00e9vrier 2026, disponible en format PDF. Ce num\u00e9ro propose un panorama riche de l\u2019actualit\u00e9 nationale et internationale, avec notamment des sujets majeurs autour des infrastructures, de la justice, du logement social, de la soci\u00e9t\u00e9, de l\u2019\u00e9conomie, de la culture et du sport. \ud83d\udce5 Produit num\u00e9rique : apr\u00e8s achat, le fichier PDF est disponible en t\u00e9l\u00e9chargement imm\u00e9diat (selon les param\u00e8tres de votre boutique).\ud83d\udcf1 Lecture confortable sur t\u00e9l\u00e9phone, tablette et ordinateur, avec possibilit\u00e9 d\u2019archivage.\" \/>\n<meta property=\"og:url\" content=\"https:\/\/boutique.lapresse.tn\/index.php\/produit\/la-presse-de-tunisie-edition-du-23-fevrier-2026\/\" \/>\n<meta property=\"og:site_name\" content=\"Boutique La Presse de Tunisie\" \/>\n<meta property=\"article:modified_time\" content=\"2026-03-02T20:31:13+00:00\" \/>\n<meta property=\"og:image\" content=\"https:\/\/boutique.lapresse.tn\/wp-content\/uploads\/2026\/02\/230226.jpg\" \/>\n\t<meta property=\"og:image:width\" content=\"1080\" \/>\n\t<meta property=\"og:image:height\" content=\"1080\" \/>\n\t<meta property=\"og:image:type\" content=\"image\/jpeg\" \/>\n<meta name=\"twitter:card\" content=\"summary_large_image\" \/>\n<meta name=\"twitter:label1\" content=\"Dur\u00e9e de lecture estim\u00e9e\" \/>\n\t<meta name=\"twitter:data1\" content=\"1 minute\" \/>\n<script type=\"application\/ld+json\" class=\"yoast-schema-graph\">{\"@context\":\"https:\\\/\\\/schema.org\",\"@graph\":[{\"@type\":\"WebPage\",\"@id\":\"https:\\\/\\\/boutique.lapresse.tn\\\/index.php\\\/produit\\\/la-presse-de-tunisie-edition-du-23-fevrier-2026\\\/\",\"url\":\"https:\\\/\\\/boutique.lapresse.tn\\\/index.php\\\/produit\\\/la-presse-de-tunisie-edition-du-23-fevrier-2026\\\/\",\"name\":\"La Presse de Tunisie \u2013 \u00c9dition du 23 f\u00e9vrier 2026 - Boutique La Presse de Tunisie\",\"isPartOf\":{\"@id\":\"https:\\\/\\\/boutique.lapresse.tn\\\/#website\"},\"primaryImageOfPage\":{\"@id\":\"https:\\\/\\\/boutique.lapresse.tn\\\/index.php\\\/produit\\\/la-presse-de-tunisie-edition-du-23-fevrier-2026\\\/#primaryimage\"},\"image\":{\"@id\":\"https:\\\/\\\/boutique.lapresse.tn\\\/index.php\\\/produit\\\/la-presse-de-tunisie-edition-du-23-fevrier-2026\\\/#primaryimage\"},\"thumbnailUrl\":\"https:\\\/\\\/i0.wp.com\\\/boutique.lapresse.tn\\\/wp-content\\\/uploads\\\/2026\\\/02\\\/230226.jpg?fit=1080%2C1080&ssl=1\",\"datePublished\":\"2026-02-23T11:13:32+00:00\",\"dateModified\":\"2026-03-02T20:31:13+00:00\",\"breadcrumb\":{\"@id\":\"https:\\\/\\\/boutique.lapresse.tn\\\/index.php\\\/produit\\\/la-presse-de-tunisie-edition-du-23-fevrier-2026\\\/#breadcrumb\"},\"inLanguage\":\"fr-FR\",\"potentialAction\":[{\"@type\":\"ReadAction\",\"target\":[\"https:\\\/\\\/boutique.lapresse.tn\\\/index.php\\\/produit\\\/la-presse-de-tunisie-edition-du-23-fevrier-2026\\\/\"]}]},{\"@type\":\"ImageObject\",\"inLanguage\":\"fr-FR\",\"@id\":\"https:\\\/\\\/boutique.lapresse.tn\\\/index.php\\\/produit\\\/la-presse-de-tunisie-edition-du-23-fevrier-2026\\\/#primaryimage\",\"url\":\"https:\\\/\\\/i0.wp.com\\\/boutique.lapresse.tn\\\/wp-content\\\/uploads\\\/2026\\\/02\\\/230226.jpg?fit=1080%2C1080&ssl=1\",\"contentUrl\":\"https:\\\/\\\/i0.wp.com\\\/boutique.lapresse.tn\\\/wp-content\\\/uploads\\\/2026\\\/02\\\/230226.jpg?fit=1080%2C1080&ssl=1\",\"width\":1080,\"height\":1080},{\"@type\":\"BreadcrumbList\",\"@id\":\"https:\\\/\\\/boutique.lapresse.tn\\\/index.php\\\/produit\\\/la-presse-de-tunisie-edition-du-23-fevrier-2026\\\/#breadcrumb\",\"itemListElement\":[{\"@type\":\"ListItem\",\"position\":1,\"name\":\"Accueil\",\"item\":\"https:\\\/\\\/boutique.lapresse.tn\\\/\"},{\"@type\":\"ListItem\",\"position\":2,\"name\":\"Boutique\",\"item\":\"https:\\\/\\\/boutique.lapresse.tn\\\/index.php\\\/boutique\\\/\"},{\"@type\":\"ListItem\",\"position\":3,\"name\":\"La Presse de Tunisie \u2013 \u00c9dition du 23 f\u00e9vrier 2026\"}]},{\"@type\":\"WebSite\",\"@id\":\"https:\\\/\\\/boutique.lapresse.tn\\\/#website\",\"url\":\"https:\\\/\\\/boutique.lapresse.tn\\\/\",\"name\":\"Boutique La Presse de Tunisie\",\"description\":\"\",\"publisher\":{\"@id\":\"https:\\\/\\\/boutique.lapresse.tn\\\/#organization\"},\"potentialAction\":[{\"@type\":\"SearchAction\",\"target\":{\"@type\":\"EntryPoint\",\"urlTemplate\":\"https:\\\/\\\/boutique.lapresse.tn\\\/?s={search_term_string}\"},\"query-input\":{\"@type\":\"PropertyValueSpecification\",\"valueRequired\":true,\"valueName\":\"search_term_string\"}}],\"inLanguage\":\"fr-FR\"},{\"@type\":\"Organization\",\"@id\":\"https:\\\/\\\/boutique.lapresse.tn\\\/#organization\",\"name\":\"Boutique La Presse de Tunisie\",\"url\":\"https:\\\/\\\/boutique.lapresse.tn\\\/\",\"logo\":{\"@type\":\"ImageObject\",\"inLanguage\":\"fr-FR\",\"@id\":\"https:\\\/\\\/boutique.lapresse.tn\\\/#\\\/schema\\\/logo\\\/image\\\/\",\"url\":\"https:\\\/\\\/i0.wp.com\\\/boutique.lapresse.tn\\\/wp-content\\\/uploads\\\/2026\\\/02\\\/cropped-cropped-lapresse7.jpg?fit=1381%2C249&ssl=1\",\"contentUrl\":\"https:\\\/\\\/i0.wp.com\\\/boutique.lapresse.tn\\\/wp-content\\\/uploads\\\/2026\\\/02\\\/cropped-cropped-lapresse7.jpg?fit=1381%2C249&ssl=1\",\"width\":1381,\"height\":249,\"caption\":\" Boutique La Presse de Tunisie\"},\"image\":{\"@id\":\"https:\\\/\\\/boutique.lapresse.tn\\\/#\\\/schema\\\/logo\\\/image\\\/\"}}]}<\/script>\n<!-- \/ Yoast SEO plugin. -->","yoast_head_json":{"title":"La Presse de Tunisie \u2013 \u00c9dition du 23 f\u00e9vrier 2026 - Boutique La Presse de Tunisie","robots":{"index":"index","follow":"follow","max-snippet":"max-snippet:-1","max-image-preview":"max-image-preview:large","max-video-preview":"max-video-preview:-1"},"canonical":"https:\/\/boutique.lapresse.tn\/index.php\/produit\/la-presse-de-tunisie-edition-du-23-fevrier-2026\/","og_locale":"fr_FR","og_type":"article","og_title":"La Presse de Tunisie \u2013 \u00c9dition du 23 f\u00e9vrier 2026 - Boutique La Presse de Tunisie","og_description":"\ud83d\udccc\u00a0 Acc\u00e9dez \u00e0 l\u2019\u00e9dition compl\u00e8te du Journal La Presse de Tunisie dat\u00e9e du lundi 23 f\u00e9vrier 2026, disponible en format PDF. Ce num\u00e9ro propose un panorama riche de l\u2019actualit\u00e9 nationale et internationale, avec notamment des sujets majeurs autour des infrastructures, de la justice, du logement social, de la soci\u00e9t\u00e9, de l\u2019\u00e9conomie, de la culture et du sport. \ud83d\udce5 Produit num\u00e9rique : apr\u00e8s achat, le fichier PDF est disponible en t\u00e9l\u00e9chargement imm\u00e9diat (selon les param\u00e8tres de votre boutique).\ud83d\udcf1 Lecture confortable sur t\u00e9l\u00e9phone, tablette et ordinateur, avec possibilit\u00e9 d\u2019archivage.","og_url":"https:\/\/boutique.lapresse.tn\/index.php\/produit\/la-presse-de-tunisie-edition-du-23-fevrier-2026\/","og_site_name":"Boutique La Presse de Tunisie","article_modified_time":"2026-03-02T20:31:13+00:00","og_image":[{"width":1080,"height":1080,"url":"https:\/\/boutique.lapresse.tn\/wp-content\/uploads\/2026\/02\/230226.jpg","type":"image\/jpeg"}],"twitter_card":"summary_large_image","twitter_misc":{"Dur\u00e9e de lecture estim\u00e9e":"1 minute"},"schema":{"@context":"https:\/\/schema.org","@graph":[{"@type":"WebPage","@id":"https:\/\/boutique.lapresse.tn\/index.php\/produit\/la-presse-de-tunisie-edition-du-23-fevrier-2026\/","url":"https:\/\/boutique.lapresse.tn\/index.php\/produit\/la-presse-de-tunisie-edition-du-23-fevrier-2026\/","name":"La Presse de Tunisie \u2013 \u00c9dition du 23 f\u00e9vrier 2026 - Boutique La Presse de Tunisie","isPartOf":{"@id":"https:\/\/boutique.lapresse.tn\/#website"},"primaryImageOfPage":{"@id":"https:\/\/boutique.lapresse.tn\/index.php\/produit\/la-presse-de-tunisie-edition-du-23-fevrier-2026\/#primaryimage"},"image":{"@id":"https:\/\/boutique.lapresse.tn\/index.php\/produit\/la-presse-de-tunisie-edition-du-23-fevrier-2026\/#primaryimage"},"thumbnailUrl":"https:\/\/i0.wp.com\/boutique.lapresse.tn\/wp-content\/uploads\/2026\/02\/230226.jpg?fit=1080%2C1080&ssl=1","datePublished":"2026-02-23T11:13:32+00:00","dateModified":"2026-03-02T20:31:13+00:00","breadcrumb":{"@id":"https:\/\/boutique.lapresse.tn\/index.php\/produit\/la-presse-de-tunisie-edition-du-23-fevrier-2026\/#breadcrumb"},"inLanguage":"fr-FR","potentialAction":[{"@type":"ReadAction","target":["https:\/\/boutique.lapresse.tn\/index.php\/produit\/la-presse-de-tunisie-edition-du-23-fevrier-2026\/"]}]},{"@type":"ImageObject","inLanguage":"fr-FR","@id":"https:\/\/boutique.lapresse.tn\/index.php\/produit\/la-presse-de-tunisie-edition-du-23-fevrier-2026\/#primaryimage","url":"https:\/\/i0.wp.com\/boutique.lapresse.tn\/wp-content\/uploads\/2026\/02\/230226.jpg?fit=1080%2C1080&ssl=1","contentUrl":"https:\/\/i0.wp.com\/boutique.lapresse.tn\/wp-content\/uploads\/2026\/02\/230226.jpg?fit=1080%2C1080&ssl=1","width":1080,"height":1080},{"@type":"BreadcrumbList","@id":"https:\/\/boutique.lapresse.tn\/index.php\/produit\/la-presse-de-tunisie-edition-du-23-fevrier-2026\/#breadcrumb","itemListElement":[{"@type":"ListItem","position":1,"name":"Accueil","item":"https:\/\/boutique.lapresse.tn\/"},{"@type":"ListItem","position":2,"name":"Boutique","item":"https:\/\/boutique.lapresse.tn\/index.php\/boutique\/"},{"@type":"ListItem","position":3,"name":"La Presse de Tunisie \u2013 \u00c9dition du 23 f\u00e9vrier 2026"}]},{"@type":"WebSite","@id":"https:\/\/boutique.lapresse.tn\/#website","url":"https:\/\/boutique.lapresse.tn\/","name":"Boutique La Presse de Tunisie","description":"","publisher":{"@id":"https:\/\/boutique.lapresse.tn\/#organization"},"potentialAction":[{"@type":"SearchAction","target":{"@type":"EntryPoint","urlTemplate":"https:\/\/boutique.lapresse.tn\/?s={search_term_string}"},"query-input":{"@type":"PropertyValueSpecification","valueRequired":true,"valueName":"search_term_string"}}],"inLanguage":"fr-FR"},{"@type":"Organization","@id":"https:\/\/boutique.lapresse.tn\/#organization","name":"Boutique La Presse de Tunisie","url":"https:\/\/boutique.lapresse.tn\/","logo":{"@type":"ImageObject","inLanguage":"fr-FR","@id":"https:\/\/boutique.lapresse.tn\/#\/schema\/logo\/image\/","url":"https:\/\/i0.wp.com\/boutique.lapresse.tn\/wp-content\/uploads\/2026\/02\/cropped-cropped-lapresse7.jpg?fit=1381%2C249&ssl=1","contentUrl":"https:\/\/i0.wp.com\/boutique.lapresse.tn\/wp-content\/uploads\/2026\/02\/cropped-cropped-lapresse7.jpg?fit=1381%2C249&ssl=1","width":1381,"height":249,"caption":" Boutique La Presse de Tunisie"},"image":{"@id":"https:\/\/boutique.lapresse.tn\/#\/schema\/logo\/image\/"}}]}},"jetpack_sharing_enabled":true,"_links":{"self":[{"href":"https:\/\/boutique.lapresse.tn\/index.php\/wp-json\/wp\/v2\/product\/6849","targetHints":{"allow":["GET"]}}],"collection":[{"href":"https:\/\/boutique.lapresse.tn\/index.php\/wp-json\/wp\/v2\/product"}],"about":[{"href":"https:\/\/boutique.lapresse.tn\/index.php\/wp-json\/wp\/v2\/types\/product"}],"version-history":[{"count":2,"href":"https:\/\/boutique.lapresse.tn\/index.php\/wp-json\/wp\/v2\/product\/6849\/revisions"}],"predecessor-version":[{"id":6871,"href":"https:\/\/boutique.lapresse.tn\/index.php\/wp-json\/wp\/v2\/product\/6849\/revisions\/6871"}],"wp:featuredmedia":[{"embeddable":true,"href":"https:\/\/boutique.lapresse.tn\/index.php\/wp-json\/wp\/v2\/media\/6873"}],"wp:attachment":[{"href":"https:\/\/boutique.lapresse.tn\/index.php\/wp-json\/wp\/v2\/media?parent=6849"}],"wp:term":[{"taxonomy":"product_brand","embeddable":true,"href":"https:\/\/boutique.lapresse.tn\/index.php\/wp-json\/wp\/v2\/product_brand?post=6849"},{"taxonomy":"product_cat","embeddable":true,"href":"https:\/\/boutique.lapresse.tn\/index.php\/wp-json\/wp\/v2\/product_cat?post=6849"},{"taxonomy":"product_tag","embeddable":true,"href":"https:\/\/boutique.lapresse.tn\/index.php\/wp-json\/wp\/v2\/product_tag?post=6849"}],"curies":[{"name":"wp","href":"https:\/\/api.w.org\/{rel}","templated":true}]}}